{"id":7525,"date":"2024-09-17T12:52:45","date_gmt":"2024-09-17T10:52:45","guid":{"rendered":"https:\/\/koege.anvil.dk\/?page_id=7525"},"modified":"2025-02-17T11:31:17","modified_gmt":"2025-02-17T10:31:17","slug":"koege-bilby","status":"publish","type":"page","link":"https:\/\/koege.anvil.dk\/?page_id=7525","title":{"rendered":"K\u00f8ge Bilby"},"content":{"rendered":"<div class=\"fusion-fullwidth fullwidth-box fusion-builder-row-1 fusion-flex-container has-pattern-background has-mask-background nonhundred-percent-fullwidth non-hundred-percent-height-scrolling\" style=\"--awb-border-radius-top-left:0px;--awb-border-radius-top-right:0px;--awb-border-radius-bottom-right:0px;--awb-border-radius-bottom-left:0px;--awb-flex-wrap:wrap;\" ><div class=\"fusion-builder-row fusion-row fusion-flex-align-items-flex-start fusion-flex-content-wrap\" style=\"max-width:1248px;margin-left: calc(-4% \/ 2 );margin-right: calc(-4% \/ 2 );\"><div class=\"fusion-layout-column fusion_builder_column fusion-builder-column-0 fusion_builder_column_1_1 1_1 fusion-flex-column\" style=\"--awb-bg-size:cover;--awb-width-large:100%;--awb-margin-top-large:0px;--awb-spacing-right-large:1.92%;--awb-margin-bottom-large:20px;--awb-spacing-left-large:1.92%;--awb-width-medium:100%;--awb-order-medium:0;--awb-spacing-right-medium:1.92%;--awb-spacing-left-medium:1.92%;--awb-width-small:100%;--awb-order-small:0;--awb-spacing-right-small:1.92%;--awb-spacing-left-small:1.92%;\"><div class=\"fusion-column-wrapper fusion-column-has-shadow fusion-flex-justify-content-flex-start fusion-content-layout-column\"><div class=\"fusion-title title fusion-title-1 fusion-sep-none fusion-title-text fusion-title-size-two\" style=\"--awb-margin-top-small:10px;--awb-margin-right-small:0px;--awb-margin-bottom-small:10px;--awb-margin-left-small:0px;\"><h2 class=\"fusion-title-heading title-heading-left fusion-responsive-typography-calculated\" style=\"margin:0;text-transform:none;--fontSize:48;line-height:var(--awb-typography1-line-height);\">K\u00f8ge <span style=\"color: #008080;\">Bilby<\/span><\/h2><\/div><div class=\"fusion-text fusion-text-1\"><div class=\"wpb_text_column wpb_content_element vc_custom_1623401698869 p16px\">\n<div class=\"wpb_wrapper\">\n<div class=\"gmail_default\">Foreningens overordnede m\u00e5l er, at K\u00f8ge Bilby skal v\u00e6re \u201cSj\u00e6llands St\u00f8rste Bilby\u201d.<br \/>\nKendetegnende for K\u00f8ge Bilby er, at bilforhandlerne ser hinanden som supplement til hinanden frem for direkte konkurrenter. Jo st\u00f8rre udbud vi har at tilbyde i K\u00f8ge, jo st\u00f8rre sandsynlighed er der ogs\u00e5 for at tiltr\u00e6kke flere kunder.<\/div>\n<\/div>\n<\/div>\n<div><\/div>\n<div class=\"wpb_text_column wpb_content_element vc_custom_1623401698869 p16px\">\n<h5><strong>Vision og mission<\/strong><\/h5>\n<div class=\"wpb_wrapper\">\n<div class=\"gmail_default\">Visionen og missionen for bilbyen er, at v\u00e6re omdrejningspunkt for al bilhandel i Region Sj\u00e6lland. Og s\u00e5 skal foreningen hj\u00e6lpe sine medlemmer til succesrig erhverv, blandt andet gennem aktiviteter i samarbejde med K\u00f8ge Handel og K\u00f8ge Bilby, samt skabe en samlet markedsf\u00f8ring og identitet for foreningen, som helhed.<\/div>\n<\/div>\n<\/div>\n<h5><strong>Arrangementer<\/strong><\/h5>\n<p>K\u00f8ge Bilby afholder flere forskellige arrangementer i K\u00f8ge i l\u00f8bet af \u00e5ret.<\/p>\n<p><strong>K\u00f8ge Bildag:<\/strong> Find din dr\u00f8mmebil, n\u00e5r bilforhandlerne i K\u00f8ge Bilby holder \u00e5bent hus. Du finder gode tilbud, sjove aktiviteter, godt til maven, l\u00e6kre forfriskninger og fede konkurrencer. Kom og f\u00e5 en snak, se og pr\u00f8vek\u00f8r biler og f\u00e5 en god oplevelsesrig dag for hele familien hos hver af Bilbyens forhandlere.<\/p>\n<p><strong>Jazz&amp;Biler:\u00a0<\/strong>K\u00f8ge Bilby fylder Brogade med et udvalg af deres flotte biler, s\u00e5 du har muligheden for at finde din n\u00e6ste dr\u00f8mmebil blandt en hel masse bilm\u00e6rker og forhandlere. Der s\u00e6ttes samtidig gang i den gode l\u00f8rdagsstemning med Jazz rundt i hele byen.<\/p>\n<p><strong>Bilernes Dag: <\/strong>K\u00f8ge Bilby indtager arealet omkring Torvet, samt Lovparken under K\u00f8ge Festuge med deres imponerende samling af flotte biler. Kom og se nogle af de nyeste bilmodeller og f\u00e5 en hyggelig snak med K\u00f8ge Bilby\u2019s forhandlere. Denne dag skal der ogs\u00e5 uddeles statuetter, n\u00e5r vinderne af Bilbyens Bedste bliver offentliggjort. Iblandt festlighederne skal der nemlig k\u00e5res Bilbyens Bedste brugtvognsforhandler, kundeservice, salgsafdeling og v\u00e6rksted.<\/p>\n<p><strong>Bilkortege til Juletr\u00e6st\u00e6ndingen: <\/strong>K\u00f8ge Bilby vil sammen med Julemanden k\u00f8re fra K\u00f8ge Marina i den flotteste pyntede bilkortege til K\u00f8ge Midtby, hvor det store optog foreg\u00e5r. Her vil du kunne se lysende julebiler k\u00f8re gennem K\u00f8ge bymidte anf\u00f8rt af Julemanden i hestevogn, hvor Bilbyens vil lyse op p\u00e5 Torvet mens juletr\u00e6et bliver t\u00e6ndt.<\/p>\n<p>Vi h\u00e5ber at se dig i Sj\u00e6llands St\u00f8rste Bilby &#8211; et st\u00e6rkt netv\u00e6rk og f\u00e6llesskab.<br \/>\n<span class=\"OYPEnA font-feature-liga-off font-feature-clig-off font-feature-calt-off text-decoration-none text-strikethrough-none\"><br \/>\n<a href=\"https:\/\/xn--kgebilby-54a.dk\/\" target=\"_blank\" rel=\"noopener\">L\u00e6s mere om K\u00f8ge Bilby her<\/a><\/span><\/p>\n<\/div><\/div><\/div><\/div><\/div>\n","protected":false},"excerpt":{"rendered":"","protected":false},"author":3,"featured_media":7132,"parent":36,"menu_order":0,"comment_status":"closed","ping_status":"closed","template":"100-width.php","meta":{"footnotes":""},"class_list":["post-7525","page","type-page","status-publish","has-post-thumbnail","hentry"],"yoast_head":"<!-- This site is optimized with the Yoast SEO plugin v27.2 - https:\/\/yoast.com\/product\/yoast-seo-wordpress\/ -->\n<title>K\u00f8ge Bilby - K\u00f8ge Handel<\/title>\n<meta name=\"robots\" content=\"noindex, follow, max-snippet:-1, max-image-preview:large, max-video-preview:-1\" \/>\n<meta property=\"og:locale\" content=\"da_DK\" \/>\n<meta property=\"og:type\" content=\"article\" \/>\n<meta property=\"og:title\" content=\"K\u00f8ge Bilby - K\u00f8ge Handel\" \/>\n<meta property=\"og:url\" content=\"https:\/\/koege.anvil.dk\/om-os\/koege-bilby\/\" \/>\n<meta property=\"og:site_name\" content=\"K\u00f8ge Handel\" \/>\n<meta property=\"article:modified_time\" content=\"2025-02-17T10:31:17+00:00\" \/>\n<meta property=\"og:image\" content=\"http:\/\/koege.anvil.dk\/wp-content\/uploads\/2024\/01\/KoegeBilbySep22-22.jpg\" \/>\n\t<meta property=\"og:image:width\" content=\"2000\" \/>\n\t<meta property=\"og:image:height\" content=\"1333\" \/>\n\t<meta property=\"og:image:type\" content=\"image\/jpeg\" \/>\n<meta name=\"twitter:card\" content=\"summary_large_image\" \/>\n<meta name=\"twitter:label1\" content=\"Estimeret l\u00e6setid\" \/>\n\t<meta name=\"twitter:data1\" content=\"3 minutter\" \/>\n<script type=\"application\/ld+json\" class=\"yoast-schema-graph\">{\"@context\":\"https:\/\/schema.org\",\"@graph\":[{\"@type\":\"WebPage\",\"@id\":\"https:\/\/koege.anvil.dk\/om-os\/koege-bilby\/\",\"url\":\"https:\/\/koege.anvil.dk\/om-os\/koege-bilby\/\",\"name\":\"K\u00f8ge Bilby - K\u00f8ge Handel\",\"isPartOf\":{\"@id\":\"https:\/\/koege.anvil.dk\/#website\"},\"primaryImageOfPage\":{\"@id\":\"https:\/\/koege.anvil.dk\/om-os\/koege-bilby\/#primaryimage\"},\"image\":{\"@id\":\"https:\/\/koege.anvil.dk\/om-os\/koege-bilby\/#primaryimage\"},\"thumbnailUrl\":\"https:\/\/koege.anvil.dk\/wp-content\/uploads\/2024\/01\/KoegeBilbySep22-22.jpg\",\"datePublished\":\"2024-09-17T10:52:45+00:00\",\"dateModified\":\"2025-02-17T10:31:17+00:00\",\"breadcrumb\":{\"@id\":\"https:\/\/koege.anvil.dk\/om-os\/koege-bilby\/#breadcrumb\"},\"inLanguage\":\"da-DK\",\"potentialAction\":[{\"@type\":\"ReadAction\",\"target\":[\"https:\/\/koege.anvil.dk\/om-os\/koege-bilby\/\"]}]},{\"@type\":\"ImageObject\",\"inLanguage\":\"da-DK\",\"@id\":\"https:\/\/koege.anvil.dk\/om-os\/koege-bilby\/#primaryimage\",\"url\":\"https:\/\/koege.anvil.dk\/wp-content\/uploads\/2024\/01\/KoegeBilbySep22-22.jpg\",\"contentUrl\":\"https:\/\/koege.anvil.dk\/wp-content\/uploads\/2024\/01\/KoegeBilbySep22-22.jpg\",\"width\":2000,\"height\":1333,\"caption\":\"K\u00f8geBildag\"},{\"@type\":\"BreadcrumbList\",\"@id\":\"https:\/\/koege.anvil.dk\/om-os\/koege-bilby\/#breadcrumb\",\"itemListElement\":[{\"@type\":\"ListItem\",\"position\":1,\"name\":\"Home\",\"item\":\"https:\/\/koege.anvil.dk\/\"},{\"@type\":\"ListItem\",\"position\":2,\"name\":\"Om os\",\"item\":\"https:\/\/koege.anvil.dk\/om-os\/\"},{\"@type\":\"ListItem\",\"position\":3,\"name\":\"K\u00f8ge Bilby\"}]},{\"@type\":\"WebSite\",\"@id\":\"https:\/\/koege.anvil.dk\/#website\",\"url\":\"https:\/\/koege.anvil.dk\/\",\"name\":\"K\u00f8ge Handel\",\"description\":\"\",\"publisher\":{\"@id\":\"https:\/\/koege.anvil.dk\/#organization\"},\"potentialAction\":[{\"@type\":\"SearchAction\",\"target\":{\"@type\":\"EntryPoint\",\"urlTemplate\":\"https:\/\/koege.anvil.dk\/?s={search_term_string}\"},\"query-input\":{\"@type\":\"PropertyValueSpecification\",\"valueRequired\":true,\"valueName\":\"search_term_string\"}}],\"inLanguage\":\"da-DK\"},{\"@type\":\"Organization\",\"@id\":\"https:\/\/koege.anvil.dk\/#organization\",\"name\":\"K\u00f8ge Handel\",\"url\":\"https:\/\/koege.anvil.dk\/\",\"logo\":{\"@type\":\"ImageObject\",\"inLanguage\":\"da-DK\",\"@id\":\"https:\/\/koege.anvil.dk\/#\/schema\/logo\/image\/\",\"url\":\"http:\/\/koege.anvil.dk\/wp-content\/uploads\/2023\/10\/Koegehandel-logo.webp\",\"contentUrl\":\"http:\/\/koege.anvil.dk\/wp-content\/uploads\/2023\/10\/Koegehandel-logo.webp\",\"width\":600,\"height\":109,\"caption\":\"K\u00f8ge Handel\"},\"image\":{\"@id\":\"https:\/\/koege.anvil.dk\/#\/schema\/logo\/image\/\"}}]}<\/script>\n<!-- \/ Yoast SEO plugin. -->","yoast_head_json":{"title":"K\u00f8ge Bilby - K\u00f8ge Handel","robots":{"index":"noindex","follow":"follow","max-snippet":"max-snippet:-1","max-image-preview":"max-image-preview:large","max-video-preview":"max-video-preview:-1"},"og_locale":"da_DK","og_type":"article","og_title":"K\u00f8ge Bilby - K\u00f8ge Handel","og_url":"https:\/\/koege.anvil.dk\/om-os\/koege-bilby\/","og_site_name":"K\u00f8ge Handel","article_modified_time":"2025-02-17T10:31:17+00:00","og_image":[{"width":2000,"height":1333,"url":"http:\/\/koege.anvil.dk\/wp-content\/uploads\/2024\/01\/KoegeBilbySep22-22.jpg","type":"image\/jpeg"}],"twitter_card":"summary_large_image","twitter_misc":{"Estimeret l\u00e6setid":"3 minutter"},"schema":{"@context":"https:\/\/schema.org","@graph":[{"@type":"WebPage","@id":"https:\/\/koege.anvil.dk\/om-os\/koege-bilby\/","url":"https:\/\/koege.anvil.dk\/om-os\/koege-bilby\/","name":"K\u00f8ge Bilby - K\u00f8ge Handel","isPartOf":{"@id":"https:\/\/koege.anvil.dk\/#website"},"primaryImageOfPage":{"@id":"https:\/\/koege.anvil.dk\/om-os\/koege-bilby\/#primaryimage"},"image":{"@id":"https:\/\/koege.anvil.dk\/om-os\/koege-bilby\/#primaryimage"},"thumbnailUrl":"https:\/\/koege.anvil.dk\/wp-content\/uploads\/2024\/01\/KoegeBilbySep22-22.jpg","datePublished":"2024-09-17T10:52:45+00:00","dateModified":"2025-02-17T10:31:17+00:00","breadcrumb":{"@id":"https:\/\/koege.anvil.dk\/om-os\/koege-bilby\/#breadcrumb"},"inLanguage":"da-DK","potentialAction":[{"@type":"ReadAction","target":["https:\/\/koege.anvil.dk\/om-os\/koege-bilby\/"]}]},{"@type":"ImageObject","inLanguage":"da-DK","@id":"https:\/\/koege.anvil.dk\/om-os\/koege-bilby\/#primaryimage","url":"https:\/\/koege.anvil.dk\/wp-content\/uploads\/2024\/01\/KoegeBilbySep22-22.jpg","contentUrl":"https:\/\/koege.anvil.dk\/wp-content\/uploads\/2024\/01\/KoegeBilbySep22-22.jpg","width":2000,"height":1333,"caption":"K\u00f8geBildag"},{"@type":"BreadcrumbList","@id":"https:\/\/koege.anvil.dk\/om-os\/koege-bilby\/#breadcrumb","itemListElement":[{"@type":"ListItem","position":1,"name":"Home","item":"https:\/\/koege.anvil.dk\/"},{"@type":"ListItem","position":2,"name":"Om os","item":"https:\/\/koege.anvil.dk\/om-os\/"},{"@type":"ListItem","position":3,"name":"K\u00f8ge Bilby"}]},{"@type":"WebSite","@id":"https:\/\/koege.anvil.dk\/#website","url":"https:\/\/koege.anvil.dk\/","name":"K\u00f8ge Handel","description":"","publisher":{"@id":"https:\/\/koege.anvil.dk\/#organization"},"potentialAction":[{"@type":"SearchAction","target":{"@type":"EntryPoint","urlTemplate":"https:\/\/koege.anvil.dk\/?s={search_term_string}"},"query-input":{"@type":"PropertyValueSpecification","valueRequired":true,"valueName":"search_term_string"}}],"inLanguage":"da-DK"},{"@type":"Organization","@id":"https:\/\/koege.anvil.dk\/#organization","name":"K\u00f8ge Handel","url":"https:\/\/koege.anvil.dk\/","logo":{"@type":"ImageObject","inLanguage":"da-DK","@id":"https:\/\/koege.anvil.dk\/#\/schema\/logo\/image\/","url":"http:\/\/koege.anvil.dk\/wp-content\/uploads\/2023\/10\/Koegehandel-logo.webp","contentUrl":"http:\/\/koege.anvil.dk\/wp-content\/uploads\/2023\/10\/Koegehandel-logo.webp","width":600,"height":109,"caption":"K\u00f8ge Handel"},"image":{"@id":"https:\/\/koege.anvil.dk\/#\/schema\/logo\/image\/"}}]}},"_links":{"self":[{"href":"https:\/\/koege.anvil.dk\/index.php?rest_route=\/wp\/v2\/pages\/7525","targetHints":{"allow":["GET"]}}],"collection":[{"href":"https:\/\/koege.anvil.dk\/index.php?rest_route=\/wp\/v2\/pages"}],"about":[{"href":"https:\/\/koege.anvil.dk\/index.php?rest_route=\/wp\/v2\/types\/page"}],"author":[{"embeddable":true,"href":"https:\/\/koege.anvil.dk\/index.php?rest_route=\/wp\/v2\/users\/3"}],"replies":[{"embeddable":true,"href":"https:\/\/koege.anvil.dk\/index.php?rest_route=%2Fwp%2Fv2%2Fcomments&post=7525"}],"version-history":[{"count":0,"href":"https:\/\/koege.anvil.dk\/index.php?rest_route=\/wp\/v2\/pages\/7525\/revisions"}],"up":[{"embeddable":true,"href":"https:\/\/koege.anvil.dk\/index.php?rest_route=\/wp\/v2\/pages\/36"}],"wp:featuredmedia":[{"embeddable":true,"href":"https:\/\/koege.anvil.dk\/index.php?rest_route=\/wp\/v2\/media\/7132"}],"wp:attachment":[{"href":"https:\/\/koege.anvil.dk\/index.php?rest_route=%2Fwp%2Fv2%2Fmedia&parent=7525"}],"curies":[{"name":"wp","href":"https:\/\/api.w.org\/{rel}","templated":true}]}}