{"id":3129,"date":"2023-11-16T12:11:19","date_gmt":"2023-11-16T11:11:19","guid":{"rendered":"https:\/\/zeppelin.skywalkr.site\/?page_id=3129"},"modified":"2025-01-16T13:20:17","modified_gmt":"2025-01-16T12:20:17","slug":"koege-prisen-koege-handel","status":"publish","type":"page","link":"https:\/\/koege.anvil.dk\/?page_id=3129","title":{"rendered":"K\u00f8ge Prisen"},"content":{"rendered":"<div class=\"fusion-fullwidth fullwidth-box fusion-builder-row-1 fusion-flex-container has-pattern-background has-mask-background nonhundred-percent-fullwidth non-hundred-percent-height-scrolling\" style=\"--awb-border-radius-top-left:0px;--awb-border-radius-top-right:0px;--awb-border-radius-bottom-right:0px;--awb-border-radius-bottom-left:0px;--awb-flex-wrap:wrap;\" ><div class=\"fusion-builder-row fusion-row fusion-flex-align-items-flex-start fusion-flex-content-wrap\" style=\"max-width:1248px;margin-left: calc(-4% \/ 2 );margin-right: calc(-4% \/ 2 );\"><div class=\"fusion-layout-column fusion_builder_column fusion-builder-column-0 fusion_builder_column_1_1 1_1 fusion-flex-column\" style=\"--awb-bg-size:cover;--awb-width-large:100%;--awb-margin-top-large:0px;--awb-spacing-right-large:1.92%;--awb-margin-bottom-large:20px;--awb-spacing-left-large:1.92%;--awb-width-medium:100%;--awb-order-medium:0;--awb-spacing-right-medium:1.92%;--awb-spacing-left-medium:1.92%;--awb-width-small:100%;--awb-order-small:0;--awb-spacing-right-small:1.92%;--awb-spacing-left-small:1.92%;\"><div class=\"fusion-column-wrapper fusion-column-has-shadow fusion-flex-justify-content-flex-start fusion-content-layout-column\"><div class=\"fusion-title title fusion-title-1 fusion-sep-none fusion-title-text fusion-title-size-two\" style=\"--awb-margin-top-small:10px;--awb-margin-right-small:0px;--awb-margin-bottom-small:10px;--awb-margin-left-small:0px;\"><h2 class=\"fusion-title-heading title-heading-left fusion-responsive-typography-calculated\" style=\"margin:0;text-transform:none;--fontSize:48;line-height:var(--awb-typography1-line-height);\">K\u00f8ge <strong style=\"color: var(--awb-color5);\">Prisen<\/strong><\/h2><\/div><div class=\"fusion-text fusion-text-1\"><p>K\u00f8ge Prisen gives til personer, foreninger eller organisationer, der har sat K\u00f8ge p\u00e5 landkortet og p\u00e5 den m\u00e5de v\u00e6ret med til at skabe opm\u00e6rksomhed om K\u00f8ge og har v\u00e6ret med til at tr\u00e6kke folk til K\u00f8ge. K\u00f8ge Prisen er stiftet og sponsoreres af de lokale pengeinstitutter, K\u00f8ge Kommune, K\u00f8ge Handel og Sj\u00e6llandske Medier.<\/p>\n<p><strong>Tidligere modtagere af K\u00f8ge Prisen:<\/strong><br \/>\n1989 &#8211;\u00a0<strong>Kunstmuseet K\u00f8ge Skitsesamling<\/strong><br \/>\n1990 &#8211;\u00a0<strong>Sj\u00e6lland Rundt p\u00e5 Cykel<\/strong><br \/>\n1991 &#8211;\u00a0<strong>K\u00f8ge Turistforening<\/strong><br \/>\n1992 &#8211;\u00a0<strong>K\u00f8ge Erhvervsservice<\/strong><br \/>\n1993 &#8211;\u00a0<strong>K\u00f8ge Museum<\/strong><br \/>\n1994 &#8211;\u00a0<strong>K\u00f8ge Kommunale Musikskole<\/strong><br \/>\n1995 &#8211;\u00a0<strong>Hotel Hvide Hus<\/strong><br \/>\n1996 &#8211;\u00a0<strong>Junckers Industrier<\/strong><br \/>\n1997 &#8211;\u00a0<strong>Herf\u00f8lge Boldklub<\/strong><br \/>\n1998 &#8211;\u00a0<strong>K\u00f8ge Tekniske Skole<\/strong><br \/>\n1999 &#8211;\u00a0<strong>K\u00f8ge Skoleorkester<\/strong><br \/>\n2000 &#8211;\u00a0<strong>Kj\u00f8ge Mini-By<\/strong><br \/>\n2001 &#8211;\u00a0<strong>Kunstmuseet K\u00f8ge Skitsesamling<\/strong><br \/>\n2002 &#8211;\u00a0<strong>Thomas Elm Kampmann<\/strong><br \/>\n2003 &#8211;\u00a0<strong>K\u00f8ge Handelsskole, Tim Christensen<\/strong><br \/>\n2004 &#8211;\u00a0<strong>K\u00f8ge Havn, Mads Andersen<\/strong><br \/>\n2005 &#8211;\u00a0<strong>Niels Buchholst 2006 Bornholmstrafikken<\/strong><br \/>\n2007 &#8211;\u00a0<strong>Aktiv Fritid<\/strong><br \/>\n2008 &#8211;\u00a0<strong>Bryghuset Braunstein<\/strong><br \/>\n2009 &#8211;\u00a0<strong>Ulf Stephenson<\/strong><br \/>\n2010 &#8211;\u00a0<strong>K\u00f8ge Handelsstandsforening<\/strong><br \/>\n2011 &#8211;\u00a0<strong>HB K\u00f8ge A\/S \u2013 Sportsdirekt\u00f8r Per Rud<\/strong><br \/>\n2012 &#8211;\u00a0<strong>K\u00f8ge \u00d8l-dag<\/strong><br \/>\n2013 &#8211;\u00a0<strong>K\u00f8ge Kyst<\/strong><br \/>\n2014 &#8211;\u00a0<strong>K\u00f8ge Festuge<\/strong><br \/>\n2015 &#8211;\u00a0<strong>K\u00f8ge Cykel Rings Venner<\/strong><br \/>\n2016 &#8211;\u00a0<strong>Restaurant Arken<\/strong><br \/>\n2017 &#8211;\u00a0<strong>Lisbeth Hoffmann<\/strong><br \/>\n2018 &#8211;\u00a0<strong>Thomas Madsen, Hugo\u2019s<\/strong><br \/>\n2019 &#8211;\u00a0<strong>K\u00f8ge Marina<\/strong><br \/>\n2020 &#8211;\u00a0<strong>HB K\u00f8ges kvindefodboldhold<\/strong><br \/>\n2021 &#8211;\u00a0<strong>Tapperiet<br \/>\n<\/strong>2022 &#8211; <strong>Broen K\u00f8ge v\/ Peter Poulsen<br \/>\n<\/strong>2023 &#8211; <strong>K\u00f8ge Bilby<br \/>\n<\/strong>2024 &#8211; <strong>K\u00f8ge Handel<\/strong><\/p>\n<\/div><\/div><\/div><\/div><\/div>\n","protected":false},"excerpt":{"rendered":"","protected":false},"author":1,"featured_media":6962,"parent":36,"menu_order":0,"comment_status":"closed","ping_status":"closed","template":"100-width.php","meta":{"footnotes":""},"class_list":["post-3129","page","type-page","status-publish","has-post-thumbnail","hentry"],"yoast_head":"<!-- This site is optimized with the Yoast SEO plugin v27.2 - https:\/\/yoast.com\/product\/yoast-seo-wordpress\/ -->\n<title>K\u00f8ge Prisen - K\u00f8ge Handel<\/title>\n<meta name=\"description\" content=\"K\u00f8ge Prisen er stiftet og sponsoreres lokalt og gives til personer, foreninger eller organisationer, der har sat K\u00f8ge p\u00e5 landkortet.\" \/>\n<meta name=\"robots\" content=\"noindex, follow, max-snippet:-1, max-image-preview:large, max-video-preview:-1\" \/>\n<meta property=\"og:locale\" content=\"da_DK\" \/>\n<meta property=\"og:type\" content=\"article\" \/>\n<meta property=\"og:title\" content=\"K\u00f8ge Prisen - K\u00f8ge Handel\" \/>\n<meta property=\"og:description\" content=\"K\u00f8ge Prisen er stiftet og sponsoreres lokalt og gives til personer, foreninger eller organisationer, der har sat K\u00f8ge p\u00e5 landkortet.\" \/>\n<meta property=\"og:url\" content=\"https:\/\/koege.anvil.dk\/om-os\/koege-prisen-koege-handel\/\" \/>\n<meta property=\"og:site_name\" content=\"K\u00f8ge Handel\" \/>\n<meta property=\"article:modified_time\" content=\"2025-01-16T12:20:17+00:00\" \/>\n<meta property=\"og:image\" content=\"http:\/\/koege.anvil.dk\/wp-content\/uploads\/2023\/12\/300623_Rose-Rose-39-scaled.jpg\" \/>\n\t<meta property=\"og:image:width\" content=\"2560\" \/>\n\t<meta property=\"og:image:height\" content=\"1708\" \/>\n\t<meta property=\"og:image:type\" content=\"image\/jpeg\" \/>\n<meta name=\"twitter:card\" content=\"summary_large_image\" \/>\n<meta name=\"twitter:label1\" content=\"Estimeret l\u00e6setid\" \/>\n\t<meta name=\"twitter:data1\" content=\"2 minutter\" \/>\n<script type=\"application\/ld+json\" class=\"yoast-schema-graph\">{\"@context\":\"https:\/\/schema.org\",\"@graph\":[{\"@type\":\"WebPage\",\"@id\":\"https:\/\/koege.anvil.dk\/om-os\/koege-prisen-koege-handel\/\",\"url\":\"https:\/\/koege.anvil.dk\/om-os\/koege-prisen-koege-handel\/\",\"name\":\"K\u00f8ge Prisen - K\u00f8ge Handel\",\"isPartOf\":{\"@id\":\"https:\/\/koege.anvil.dk\/#website\"},\"primaryImageOfPage\":{\"@id\":\"https:\/\/koege.anvil.dk\/om-os\/koege-prisen-koege-handel\/#primaryimage\"},\"image\":{\"@id\":\"https:\/\/koege.anvil.dk\/om-os\/koege-prisen-koege-handel\/#primaryimage\"},\"thumbnailUrl\":\"https:\/\/koege.anvil.dk\/wp-content\/uploads\/2023\/12\/300623_Rose-Rose-39-scaled.jpg\",\"datePublished\":\"2023-11-16T11:11:19+00:00\",\"dateModified\":\"2025-01-16T12:20:17+00:00\",\"description\":\"K\u00f8ge Prisen er stiftet og sponsoreres lokalt og gives til personer, foreninger eller organisationer, der har sat K\u00f8ge p\u00e5 landkortet.\",\"breadcrumb\":{\"@id\":\"https:\/\/koege.anvil.dk\/om-os\/koege-prisen-koege-handel\/#breadcrumb\"},\"inLanguage\":\"da-DK\",\"potentialAction\":[{\"@type\":\"ReadAction\",\"target\":[\"https:\/\/koege.anvil.dk\/om-os\/koege-prisen-koege-handel\/\"]}]},{\"@type\":\"ImageObject\",\"inLanguage\":\"da-DK\",\"@id\":\"https:\/\/koege.anvil.dk\/om-os\/koege-prisen-koege-handel\/#primaryimage\",\"url\":\"https:\/\/koege.anvil.dk\/wp-content\/uploads\/2023\/12\/300623_Rose-Rose-39-scaled.jpg\",\"contentUrl\":\"https:\/\/koege.anvil.dk\/wp-content\/uploads\/2023\/12\/300623_Rose-Rose-39-scaled.jpg\",\"width\":2560,\"height\":1708},{\"@type\":\"BreadcrumbList\",\"@id\":\"https:\/\/koege.anvil.dk\/om-os\/koege-prisen-koege-handel\/#breadcrumb\",\"itemListElement\":[{\"@type\":\"ListItem\",\"position\":1,\"name\":\"Home\",\"item\":\"https:\/\/koege.anvil.dk\/\"},{\"@type\":\"ListItem\",\"position\":2,\"name\":\"Om os\",\"item\":\"https:\/\/koege.anvil.dk\/om-os\/\"},{\"@type\":\"ListItem\",\"position\":3,\"name\":\"K\u00f8ge Prisen\"}]},{\"@type\":\"WebSite\",\"@id\":\"https:\/\/koege.anvil.dk\/#website\",\"url\":\"https:\/\/koege.anvil.dk\/\",\"name\":\"K\u00f8ge Handel\",\"description\":\"\",\"publisher\":{\"@id\":\"https:\/\/koege.anvil.dk\/#organization\"},\"potentialAction\":[{\"@type\":\"SearchAction\",\"target\":{\"@type\":\"EntryPoint\",\"urlTemplate\":\"https:\/\/koege.anvil.dk\/?s={search_term_string}\"},\"query-input\":{\"@type\":\"PropertyValueSpecification\",\"valueRequired\":true,\"valueName\":\"search_term_string\"}}],\"inLanguage\":\"da-DK\"},{\"@type\":\"Organization\",\"@id\":\"https:\/\/koege.anvil.dk\/#organization\",\"name\":\"K\u00f8ge Handel\",\"url\":\"https:\/\/koege.anvil.dk\/\",\"logo\":{\"@type\":\"ImageObject\",\"inLanguage\":\"da-DK\",\"@id\":\"https:\/\/koege.anvil.dk\/#\/schema\/logo\/image\/\",\"url\":\"http:\/\/koege.anvil.dk\/wp-content\/uploads\/2023\/10\/Koegehandel-logo.webp\",\"contentUrl\":\"http:\/\/koege.anvil.dk\/wp-content\/uploads\/2023\/10\/Koegehandel-logo.webp\",\"width\":600,\"height\":109,\"caption\":\"K\u00f8ge Handel\"},\"image\":{\"@id\":\"https:\/\/koege.anvil.dk\/#\/schema\/logo\/image\/\"}}]}<\/script>\n<!-- \/ Yoast SEO plugin. -->","yoast_head_json":{"title":"K\u00f8ge Prisen - K\u00f8ge Handel","description":"K\u00f8ge Prisen er stiftet og sponsoreres lokalt og gives til personer, foreninger eller organisationer, der har sat K\u00f8ge p\u00e5 landkortet.","robots":{"index":"noindex","follow":"follow","max-snippet":"max-snippet:-1","max-image-preview":"max-image-preview:large","max-video-preview":"max-video-preview:-1"},"og_locale":"da_DK","og_type":"article","og_title":"K\u00f8ge Prisen - K\u00f8ge Handel","og_description":"K\u00f8ge Prisen er stiftet og sponsoreres lokalt og gives til personer, foreninger eller organisationer, der har sat K\u00f8ge p\u00e5 landkortet.","og_url":"https:\/\/koege.anvil.dk\/om-os\/koege-prisen-koege-handel\/","og_site_name":"K\u00f8ge Handel","article_modified_time":"2025-01-16T12:20:17+00:00","og_image":[{"width":2560,"height":1708,"url":"http:\/\/koege.anvil.dk\/wp-content\/uploads\/2023\/12\/300623_Rose-Rose-39-scaled.jpg","type":"image\/jpeg"}],"twitter_card":"summary_large_image","twitter_misc":{"Estimeret l\u00e6setid":"2 minutter"},"schema":{"@context":"https:\/\/schema.org","@graph":[{"@type":"WebPage","@id":"https:\/\/koege.anvil.dk\/om-os\/koege-prisen-koege-handel\/","url":"https:\/\/koege.anvil.dk\/om-os\/koege-prisen-koege-handel\/","name":"K\u00f8ge Prisen - K\u00f8ge Handel","isPartOf":{"@id":"https:\/\/koege.anvil.dk\/#website"},"primaryImageOfPage":{"@id":"https:\/\/koege.anvil.dk\/om-os\/koege-prisen-koege-handel\/#primaryimage"},"image":{"@id":"https:\/\/koege.anvil.dk\/om-os\/koege-prisen-koege-handel\/#primaryimage"},"thumbnailUrl":"https:\/\/koege.anvil.dk\/wp-content\/uploads\/2023\/12\/300623_Rose-Rose-39-scaled.jpg","datePublished":"2023-11-16T11:11:19+00:00","dateModified":"2025-01-16T12:20:17+00:00","description":"K\u00f8ge Prisen er stiftet og sponsoreres lokalt og gives til personer, foreninger eller organisationer, der har sat K\u00f8ge p\u00e5 landkortet.","breadcrumb":{"@id":"https:\/\/koege.anvil.dk\/om-os\/koege-prisen-koege-handel\/#breadcrumb"},"inLanguage":"da-DK","potentialAction":[{"@type":"ReadAction","target":["https:\/\/koege.anvil.dk\/om-os\/koege-prisen-koege-handel\/"]}]},{"@type":"ImageObject","inLanguage":"da-DK","@id":"https:\/\/koege.anvil.dk\/om-os\/koege-prisen-koege-handel\/#primaryimage","url":"https:\/\/koege.anvil.dk\/wp-content\/uploads\/2023\/12\/300623_Rose-Rose-39-scaled.jpg","contentUrl":"https:\/\/koege.anvil.dk\/wp-content\/uploads\/2023\/12\/300623_Rose-Rose-39-scaled.jpg","width":2560,"height":1708},{"@type":"BreadcrumbList","@id":"https:\/\/koege.anvil.dk\/om-os\/koege-prisen-koege-handel\/#breadcrumb","itemListElement":[{"@type":"ListItem","position":1,"name":"Home","item":"https:\/\/koege.anvil.dk\/"},{"@type":"ListItem","position":2,"name":"Om os","item":"https:\/\/koege.anvil.dk\/om-os\/"},{"@type":"ListItem","position":3,"name":"K\u00f8ge Prisen"}]},{"@type":"WebSite","@id":"https:\/\/koege.anvil.dk\/#website","url":"https:\/\/koege.anvil.dk\/","name":"K\u00f8ge Handel","description":"","publisher":{"@id":"https:\/\/koege.anvil.dk\/#organization"},"potentialAction":[{"@type":"SearchAction","target":{"@type":"EntryPoint","urlTemplate":"https:\/\/koege.anvil.dk\/?s={search_term_string}"},"query-input":{"@type":"PropertyValueSpecification","valueRequired":true,"valueName":"search_term_string"}}],"inLanguage":"da-DK"},{"@type":"Organization","@id":"https:\/\/koege.anvil.dk\/#organization","name":"K\u00f8ge Handel","url":"https:\/\/koege.anvil.dk\/","logo":{"@type":"ImageObject","inLanguage":"da-DK","@id":"https:\/\/koege.anvil.dk\/#\/schema\/logo\/image\/","url":"http:\/\/koege.anvil.dk\/wp-content\/uploads\/2023\/10\/Koegehandel-logo.webp","contentUrl":"http:\/\/koege.anvil.dk\/wp-content\/uploads\/2023\/10\/Koegehandel-logo.webp","width":600,"height":109,"caption":"K\u00f8ge Handel"},"image":{"@id":"https:\/\/koege.anvil.dk\/#\/schema\/logo\/image\/"}}]}},"_links":{"self":[{"href":"https:\/\/koege.anvil.dk\/index.php?rest_route=\/wp\/v2\/pages\/3129","targetHints":{"allow":["GET"]}}],"collection":[{"href":"https:\/\/koege.anvil.dk\/index.php?rest_route=\/wp\/v2\/pages"}],"about":[{"href":"https:\/\/koege.anvil.dk\/index.php?rest_route=\/wp\/v2\/types\/page"}],"author":[{"embeddable":true,"href":"https:\/\/koege.anvil.dk\/index.php?rest_route=\/wp\/v2\/users\/1"}],"replies":[{"embeddable":true,"href":"https:\/\/koege.anvil.dk\/index.php?rest_route=%2Fwp%2Fv2%2Fcomments&post=3129"}],"version-history":[{"count":0,"href":"https:\/\/koege.anvil.dk\/index.php?rest_route=\/wp\/v2\/pages\/3129\/revisions"}],"up":[{"embeddable":true,"href":"https:\/\/koege.anvil.dk\/index.php?rest_route=\/wp\/v2\/pages\/36"}],"wp:featuredmedia":[{"embeddable":true,"href":"https:\/\/koege.anvil.dk\/index.php?rest_route=\/wp\/v2\/media\/6962"}],"wp:attachment":[{"href":"https:\/\/koege.anvil.dk\/index.php?rest_route=%2Fwp%2Fv2%2Fmedia&parent=3129"}],"curies":[{"name":"wp","href":"https:\/\/api.w.org\/{rel}","templated":true}]}}