{"id":3127,"date":"2023-11-16T12:10:43","date_gmt":"2023-11-16T11:10:43","guid":{"rendered":"https:\/\/zeppelin.skywalkr.site\/?page_id=3127"},"modified":"2026-02-16T11:07:30","modified_gmt":"2026-02-16T10:07:30","slug":"banko","status":"publish","type":"page","link":"https:\/\/koege.anvil.dk\/?page_id=3127","title":{"rendered":"Bankoregnskaber"},"content":{"rendered":"<div class=\"fusion-fullwidth fullwidth-box fusion-builder-row-1 fusion-flex-container has-pattern-background has-mask-background nonhundred-percent-fullwidth non-hundred-percent-height-scrolling\" style=\"--awb-border-radius-top-left:0px;--awb-border-radius-top-right:0px;--awb-border-radius-bottom-right:0px;--awb-border-radius-bottom-left:0px;--awb-flex-wrap:wrap;\" ><div class=\"fusion-builder-row fusion-row fusion-flex-align-items-flex-start fusion-flex-content-wrap\" style=\"max-width:1248px;margin-left: calc(-4% \/ 2 );margin-right: calc(-4% \/ 2 );\"><div class=\"fusion-layout-column fusion_builder_column fusion-builder-column-0 fusion_builder_column_1_1 1_1 fusion-flex-column\" style=\"--awb-bg-size:cover;--awb-width-large:100%;--awb-margin-top-large:0px;--awb-spacing-right-large:1.92%;--awb-margin-bottom-large:20px;--awb-spacing-left-large:1.92%;--awb-width-medium:100%;--awb-order-medium:0;--awb-spacing-right-medium:1.92%;--awb-spacing-left-medium:1.92%;--awb-width-small:100%;--awb-order-small:0;--awb-spacing-right-small:1.92%;--awb-spacing-left-small:1.92%;\"><div class=\"fusion-column-wrapper fusion-column-has-shadow fusion-flex-justify-content-flex-start fusion-content-layout-column\"><div class=\"fusion-title title fusion-title-1 fusion-sep-none fusion-title-text fusion-title-size-two\" style=\"--awb-margin-top-small:10px;--awb-margin-right-small:0px;--awb-margin-bottom-small:10px;--awb-margin-left-small:0px;\"><h2 class=\"fusion-title-heading title-heading-left fusion-responsive-typography-calculated\" style=\"margin:0;text-transform:none;--fontSize:48;line-height:var(--awb-typography1-line-height);\"><strong style=\"color: var(--awb-color5);\">Banko<\/strong><\/h2><\/div><div class=\"fusion-text fusion-text-1\"><h4>Gl\u00e6d dig til vores n\u00e6ste bankospil<strong><span style=\"color: #008080;\"> den 15. april 2026<\/span>.<\/strong><\/h4>\n<p>K\u00f8ge Handel afholder bankospil to gange \u00e5rligt, et i for\u00e5ret og et til jul. Al overskud fra bankospillene g\u00e5r til byens julebelysning og de mange gratis aktiviteter som vi afholder i K\u00f8ge. Bankospillene er blevet en stor succes, fordi byens erhvervsdrivende st\u00e5r sammen og \u00e5r efter \u00e5r donerer fantastiske pr\u00e6mier. I samarbejde med Ravnsborghallen p\u00e5 bankoaften spilles der knap 20 spil banko, s\u00e6lges amerikansk lotteri og mange andre sjove spil.<\/p>\n<p>Stort tak til alle, der st\u00f8tter op &#8211; b\u00e5de alle de 600 deltagere pr. gang, erhvervslivet der sponsorer pr\u00e6mier, samt alle vores frivillige, der knokler for succesfulde aftener. Det har virkelig stor betydning, at K\u00f8ge handel har \u00f8konomi til at skabe oplevelser i bymidten, s\u00e5 detailhandlen, erhvervslivet og byen kan v\u00e6kste.<\/p>\n<p><strong>Her kan du l\u00e6se bankoregnskaber for de seneste bankospil:<\/strong><\/p>\n<p><a href=\"http:\/\/koege.anvil.dk\/wp-content\/uploads\/2025\/06\/Den_uafhaengige_revisors_erklaering_inkl._regnskab_Koege_Handel.pdf\" target=\"_blank\" rel=\"noopener\">Bankoregnskab 9. april 2025<\/a><\/p>\n<p><a href=\"http:\/\/koege.anvil.dk\/wp-content\/uploads\/2025\/02\/Koege_Handel_-_Revisorerklaering_inkl._regnskab_efter_afholdelse_af_almennyttig_lotteri.pdf\" target=\"_blank\" rel=\"noopener\">Bankoregnskab 6. november 2024<\/a><\/p>\n<p><a href=\"http:\/\/koege.anvil.dk\/wp-content\/uploads\/2024\/11\/05-03_Regnskab_efter_afholdelse_efter_afholdelse_af_almennyttigt_lotteri.pdf\" target=\"_blank\" rel=\"noopener\">Bankoregnskab 24. april 2024<\/a><\/p>\n<p><a href=\"http:\/\/koege.anvil.dk\/wp-content\/uploads\/2024\/03\/5-03_Regnskab_efter_afholdelse_af_almennyttigt_lotteri_samt_revisorerklaering.pdf\">Bankoregnskab 8. november 2023<\/a><\/p>\n<p><a id=\"\" title=\"\" href=\"http:\/\/koege.anvil.dk\/wp-content\/uploads\/2023\/12\/05-03_Regnskab_efter_afholdelse_af_almennyttigt_lotteri.pdf\" target=\"\" rel=\"noopener\">Bankoregnskab 19. april 2023<\/a><\/p>\n<p><a id=\"\" title=\"Revideret regnskab 9. november 2022\" href=\"http:\/\/koege.anvil.dk\/wp-content\/uploads\/2023\/12\/5-03_Regnskab_efter_afholdelse_af_almennyttigt_lotteri.pdf\" target=\"_blank\" rel=\"noopener\">Bankoregnskab 9. november 2022<\/a><\/p>\n<p><a id=\"\" title=\"\" href=\"http:\/\/koege.anvil.dk\/wp-content\/uploads\/2023\/12\/Koege_Handel_-_Regnskab_efter_afholdelse_af_almennyttigt_lotteri_2022.pdf\" target=\"\" rel=\"noopener\">Bankoregnskab 6. april 2022<\/a><\/p>\n<\/div><\/div><\/div><\/div><\/div>\n","protected":false},"excerpt":{"rendered":"","protected":false},"author":1,"featured_media":6962,"parent":36,"menu_order":0,"comment_status":"closed","ping_status":"closed","template":"100-width.php","meta":{"footnotes":""},"class_list":["post-3127","page","type-page","status-publish","has-post-thumbnail","hentry"],"yoast_head":"<!-- This site is optimized with the Yoast SEO plugin v27.2 - https:\/\/yoast.com\/product\/yoast-seo-wordpress\/ -->\n<title>Bankoregnskaber - K\u00f8ge Handel<\/title>\n<meta name=\"description\" content=\"K\u00f8ge Handel afholder bankospil to gange \u00e5rligt med stor succes, fordi byens detail- og erhvervsdrivende hvert \u00e5r donerer fantastiske pr\u00e6mier.\" \/>\n<meta name=\"robots\" content=\"noindex, follow, max-snippet:-1, max-image-preview:large, max-video-preview:-1\" \/>\n<meta property=\"og:locale\" content=\"da_DK\" \/>\n<meta property=\"og:type\" content=\"article\" \/>\n<meta property=\"og:title\" content=\"Bankoregnskaber - K\u00f8ge Handel\" \/>\n<meta property=\"og:description\" content=\"K\u00f8ge Handel afholder bankospil to gange \u00e5rligt med stor succes, fordi byens detail- og erhvervsdrivende hvert \u00e5r donerer fantastiske pr\u00e6mier.\" \/>\n<meta property=\"og:url\" content=\"https:\/\/koege.anvil.dk\/om-os\/banko\/\" \/>\n<meta property=\"og:site_name\" content=\"K\u00f8ge Handel\" \/>\n<meta property=\"article:modified_time\" content=\"2026-02-16T10:07:30+00:00\" \/>\n<meta property=\"og:image\" content=\"http:\/\/koege.anvil.dk\/wp-content\/uploads\/2023\/12\/300623_Rose-Rose-39-scaled.jpg\" \/>\n\t<meta property=\"og:image:width\" content=\"2560\" \/>\n\t<meta property=\"og:image:height\" content=\"1708\" \/>\n\t<meta property=\"og:image:type\" content=\"image\/jpeg\" \/>\n<meta name=\"twitter:card\" content=\"summary_large_image\" \/>\n<meta name=\"twitter:label1\" content=\"Estimeret l\u00e6setid\" \/>\n\t<meta name=\"twitter:data1\" content=\"2 minutter\" \/>\n<script type=\"application\/ld+json\" class=\"yoast-schema-graph\">{\"@context\":\"https:\/\/schema.org\",\"@graph\":[{\"@type\":\"WebPage\",\"@id\":\"https:\/\/koege.anvil.dk\/om-os\/banko\/\",\"url\":\"https:\/\/koege.anvil.dk\/om-os\/banko\/\",\"name\":\"Bankoregnskaber - K\u00f8ge Handel\",\"isPartOf\":{\"@id\":\"https:\/\/koege.anvil.dk\/#website\"},\"primaryImageOfPage\":{\"@id\":\"https:\/\/koege.anvil.dk\/om-os\/banko\/#primaryimage\"},\"image\":{\"@id\":\"https:\/\/koege.anvil.dk\/om-os\/banko\/#primaryimage\"},\"thumbnailUrl\":\"https:\/\/koege.anvil.dk\/wp-content\/uploads\/2023\/12\/300623_Rose-Rose-39-scaled.jpg\",\"datePublished\":\"2023-11-16T11:10:43+00:00\",\"dateModified\":\"2026-02-16T10:07:30+00:00\",\"description\":\"K\u00f8ge Handel afholder bankospil to gange \u00e5rligt med stor succes, fordi byens detail- og erhvervsdrivende hvert \u00e5r donerer fantastiske pr\u00e6mier.\",\"breadcrumb\":{\"@id\":\"https:\/\/koege.anvil.dk\/om-os\/banko\/#breadcrumb\"},\"inLanguage\":\"da-DK\",\"potentialAction\":[{\"@type\":\"ReadAction\",\"target\":[\"https:\/\/koege.anvil.dk\/om-os\/banko\/\"]}]},{\"@type\":\"ImageObject\",\"inLanguage\":\"da-DK\",\"@id\":\"https:\/\/koege.anvil.dk\/om-os\/banko\/#primaryimage\",\"url\":\"https:\/\/koege.anvil.dk\/wp-content\/uploads\/2023\/12\/300623_Rose-Rose-39-scaled.jpg\",\"contentUrl\":\"https:\/\/koege.anvil.dk\/wp-content\/uploads\/2023\/12\/300623_Rose-Rose-39-scaled.jpg\",\"width\":2560,\"height\":1708},{\"@type\":\"BreadcrumbList\",\"@id\":\"https:\/\/koege.anvil.dk\/om-os\/banko\/#breadcrumb\",\"itemListElement\":[{\"@type\":\"ListItem\",\"position\":1,\"name\":\"Home\",\"item\":\"https:\/\/koege.anvil.dk\/\"},{\"@type\":\"ListItem\",\"position\":2,\"name\":\"Om os\",\"item\":\"https:\/\/koege.anvil.dk\/om-os\/\"},{\"@type\":\"ListItem\",\"position\":3,\"name\":\"Bankoregnskaber\"}]},{\"@type\":\"WebSite\",\"@id\":\"https:\/\/koege.anvil.dk\/#website\",\"url\":\"https:\/\/koege.anvil.dk\/\",\"name\":\"K\u00f8ge Handel\",\"description\":\"\",\"publisher\":{\"@id\":\"https:\/\/koege.anvil.dk\/#organization\"},\"potentialAction\":[{\"@type\":\"SearchAction\",\"target\":{\"@type\":\"EntryPoint\",\"urlTemplate\":\"https:\/\/koege.anvil.dk\/?s={search_term_string}\"},\"query-input\":{\"@type\":\"PropertyValueSpecification\",\"valueRequired\":true,\"valueName\":\"search_term_string\"}}],\"inLanguage\":\"da-DK\"},{\"@type\":\"Organization\",\"@id\":\"https:\/\/koege.anvil.dk\/#organization\",\"name\":\"K\u00f8ge Handel\",\"url\":\"https:\/\/koege.anvil.dk\/\",\"logo\":{\"@type\":\"ImageObject\",\"inLanguage\":\"da-DK\",\"@id\":\"https:\/\/koege.anvil.dk\/#\/schema\/logo\/image\/\",\"url\":\"http:\/\/koege.anvil.dk\/wp-content\/uploads\/2023\/10\/Koegehandel-logo.webp\",\"contentUrl\":\"http:\/\/koege.anvil.dk\/wp-content\/uploads\/2023\/10\/Koegehandel-logo.webp\",\"width\":600,\"height\":109,\"caption\":\"K\u00f8ge Handel\"},\"image\":{\"@id\":\"https:\/\/koege.anvil.dk\/#\/schema\/logo\/image\/\"}}]}<\/script>\n<!-- \/ Yoast SEO plugin. -->","yoast_head_json":{"title":"Bankoregnskaber - K\u00f8ge Handel","description":"K\u00f8ge Handel afholder bankospil to gange \u00e5rligt med stor succes, fordi byens detail- og erhvervsdrivende hvert \u00e5r donerer fantastiske pr\u00e6mier.","robots":{"index":"noindex","follow":"follow","max-snippet":"max-snippet:-1","max-image-preview":"max-image-preview:large","max-video-preview":"max-video-preview:-1"},"og_locale":"da_DK","og_type":"article","og_title":"Bankoregnskaber - K\u00f8ge Handel","og_description":"K\u00f8ge Handel afholder bankospil to gange \u00e5rligt med stor succes, fordi byens detail- og erhvervsdrivende hvert \u00e5r donerer fantastiske pr\u00e6mier.","og_url":"https:\/\/koege.anvil.dk\/om-os\/banko\/","og_site_name":"K\u00f8ge Handel","article_modified_time":"2026-02-16T10:07:30+00:00","og_image":[{"width":2560,"height":1708,"url":"http:\/\/koege.anvil.dk\/wp-content\/uploads\/2023\/12\/300623_Rose-Rose-39-scaled.jpg","type":"image\/jpeg"}],"twitter_card":"summary_large_image","twitter_misc":{"Estimeret l\u00e6setid":"2 minutter"},"schema":{"@context":"https:\/\/schema.org","@graph":[{"@type":"WebPage","@id":"https:\/\/koege.anvil.dk\/om-os\/banko\/","url":"https:\/\/koege.anvil.dk\/om-os\/banko\/","name":"Bankoregnskaber - K\u00f8ge Handel","isPartOf":{"@id":"https:\/\/koege.anvil.dk\/#website"},"primaryImageOfPage":{"@id":"https:\/\/koege.anvil.dk\/om-os\/banko\/#primaryimage"},"image":{"@id":"https:\/\/koege.anvil.dk\/om-os\/banko\/#primaryimage"},"thumbnailUrl":"https:\/\/koege.anvil.dk\/wp-content\/uploads\/2023\/12\/300623_Rose-Rose-39-scaled.jpg","datePublished":"2023-11-16T11:10:43+00:00","dateModified":"2026-02-16T10:07:30+00:00","description":"K\u00f8ge Handel afholder bankospil to gange \u00e5rligt med stor succes, fordi byens detail- og erhvervsdrivende hvert \u00e5r donerer fantastiske pr\u00e6mier.","breadcrumb":{"@id":"https:\/\/koege.anvil.dk\/om-os\/banko\/#breadcrumb"},"inLanguage":"da-DK","potentialAction":[{"@type":"ReadAction","target":["https:\/\/koege.anvil.dk\/om-os\/banko\/"]}]},{"@type":"ImageObject","inLanguage":"da-DK","@id":"https:\/\/koege.anvil.dk\/om-os\/banko\/#primaryimage","url":"https:\/\/koege.anvil.dk\/wp-content\/uploads\/2023\/12\/300623_Rose-Rose-39-scaled.jpg","contentUrl":"https:\/\/koege.anvil.dk\/wp-content\/uploads\/2023\/12\/300623_Rose-Rose-39-scaled.jpg","width":2560,"height":1708},{"@type":"BreadcrumbList","@id":"https:\/\/koege.anvil.dk\/om-os\/banko\/#breadcrumb","itemListElement":[{"@type":"ListItem","position":1,"name":"Home","item":"https:\/\/koege.anvil.dk\/"},{"@type":"ListItem","position":2,"name":"Om os","item":"https:\/\/koege.anvil.dk\/om-os\/"},{"@type":"ListItem","position":3,"name":"Bankoregnskaber"}]},{"@type":"WebSite","@id":"https:\/\/koege.anvil.dk\/#website","url":"https:\/\/koege.anvil.dk\/","name":"K\u00f8ge Handel","description":"","publisher":{"@id":"https:\/\/koege.anvil.dk\/#organization"},"potentialAction":[{"@type":"SearchAction","target":{"@type":"EntryPoint","urlTemplate":"https:\/\/koege.anvil.dk\/?s={search_term_string}"},"query-input":{"@type":"PropertyValueSpecification","valueRequired":true,"valueName":"search_term_string"}}],"inLanguage":"da-DK"},{"@type":"Organization","@id":"https:\/\/koege.anvil.dk\/#organization","name":"K\u00f8ge Handel","url":"https:\/\/koege.anvil.dk\/","logo":{"@type":"ImageObject","inLanguage":"da-DK","@id":"https:\/\/koege.anvil.dk\/#\/schema\/logo\/image\/","url":"http:\/\/koege.anvil.dk\/wp-content\/uploads\/2023\/10\/Koegehandel-logo.webp","contentUrl":"http:\/\/koege.anvil.dk\/wp-content\/uploads\/2023\/10\/Koegehandel-logo.webp","width":600,"height":109,"caption":"K\u00f8ge Handel"},"image":{"@id":"https:\/\/koege.anvil.dk\/#\/schema\/logo\/image\/"}}]}},"_links":{"self":[{"href":"https:\/\/koege.anvil.dk\/index.php?rest_route=\/wp\/v2\/pages\/3127","targetHints":{"allow":["GET"]}}],"collection":[{"href":"https:\/\/koege.anvil.dk\/index.php?rest_route=\/wp\/v2\/pages"}],"about":[{"href":"https:\/\/koege.anvil.dk\/index.php?rest_route=\/wp\/v2\/types\/page"}],"author":[{"embeddable":true,"href":"https:\/\/koege.anvil.dk\/index.php?rest_route=\/wp\/v2\/users\/1"}],"replies":[{"embeddable":true,"href":"https:\/\/koege.anvil.dk\/index.php?rest_route=%2Fwp%2Fv2%2Fcomments&post=3127"}],"version-history":[{"count":0,"href":"https:\/\/koege.anvil.dk\/index.php?rest_route=\/wp\/v2\/pages\/3127\/revisions"}],"up":[{"embeddable":true,"href":"https:\/\/koege.anvil.dk\/index.php?rest_route=\/wp\/v2\/pages\/36"}],"wp:featuredmedia":[{"embeddable":true,"href":"https:\/\/koege.anvil.dk\/index.php?rest_route=\/wp\/v2\/media\/6962"}],"wp:attachment":[{"href":"https:\/\/koege.anvil.dk\/index.php?rest_route=%2Fwp%2Fv2%2Fmedia&parent=3127"}],"curies":[{"name":"wp","href":"https:\/\/api.w.org\/{rel}","templated":true}]}}