{"id":3119,"date":"2023-11-16T12:07:47","date_gmt":"2023-11-16T11:07:47","guid":{"rendered":"https:\/\/zeppelin.skywalkr.site\/?page_id=3119"},"modified":"2026-03-02T11:53:45","modified_gmt":"2026-03-02T10:53:45","slug":"aktivitetsafdelingen","status":"publish","type":"page","link":"https:\/\/koege.anvil.dk\/?page_id=3119","title":{"rendered":"Aktivitetsafdelingen"},"content":{"rendered":"<div class=\"fusion-fullwidth fullwidth-box fusion-builder-row-1 fusion-flex-container has-pattern-background has-mask-background nonhundred-percent-fullwidth non-hundred-percent-height-scrolling\" style=\"--awb-border-radius-top-left:0px;--awb-border-radius-top-right:0px;--awb-border-radius-bottom-right:0px;--awb-border-radius-bottom-left:0px;--awb-flex-wrap:wrap;\" ><div class=\"fusion-builder-row fusion-row fusion-flex-align-items-flex-start fusion-flex-content-wrap\" style=\"max-width:1248px;margin-left: calc(-4% \/ 2 );margin-right: calc(-4% \/ 2 );\"><div class=\"fusion-layout-column fusion_builder_column fusion-builder-column-0 fusion_builder_column_1_1 1_1 fusion-flex-column\" style=\"--awb-bg-size:cover;--awb-width-large:100%;--awb-margin-top-large:0px;--awb-spacing-right-large:1.92%;--awb-margin-bottom-large:20px;--awb-spacing-left-large:1.92%;--awb-width-medium:100%;--awb-order-medium:0;--awb-spacing-right-medium:1.92%;--awb-spacing-left-medium:1.92%;--awb-width-small:100%;--awb-order-small:0;--awb-spacing-right-small:1.92%;--awb-spacing-left-small:1.92%;\"><div class=\"fusion-column-wrapper fusion-column-has-shadow fusion-flex-justify-content-flex-start fusion-content-layout-column\"><div class=\"fusion-title title fusion-title-1 fusion-sep-none fusion-title-text fusion-title-size-two\" style=\"--awb-margin-top-small:10px;--awb-margin-right-small:0px;--awb-margin-bottom-small:10px;--awb-margin-left-small:0px;\"><h2 class=\"fusion-title-heading title-heading-left fusion-responsive-typography-calculated\" style=\"margin:0;text-transform:none;--fontSize:48;line-height:var(--awb-typography1-line-height);\">Aktivitetsafdeling<\/h2><\/div><div class=\"fusion-text fusion-text-1\"><p>Aktivitetsafdelingen udvikler, planl\u00e6gger og udf\u00f8rer foreningens aktiviteter og markedsf\u00f8ring i samr\u00e5d med bestyrelsen.\u00a0Aktivitetsudvalget m\u00f8des kvartalsvis og fors\u00f8ger til enhver tid at v\u00e6re i takt med medlemsskaren, n\u00e5r det drejer sig om at fange tidens tendenser og oms\u00e6tte dem til handelsbegivenheder til gl\u00e6de for foreningens medlemmer og vores kunder.<\/p>\n<p><strong>Formand for aktivitetsudvalget:<\/strong> Aktivitetschef Katja Lykke Friis Jensen<\/p>\n<h3>Aktivitetsudvalg for gaderne i K\u00f8ge Midtby:<\/h3>\n<\/div><ul style=\"--awb-iconcolor:var(--awb-color5);--awb-textcolor:var(--awb-color7);--awb-line-height:27.2px;--awb-icon-width:27.2px;--awb-icon-height:27.2px;--awb-icon-margin:11.2px;--awb-content-margin:38.4px;\" class=\"fusion-checklist fusion-checklist-1 fusion-checklist-default type-icons\"><li class=\"fusion-li-item\" style=\"\"><span class=\"icon-wrapper circle-no\"><i class=\"fusion-li-icon fa-user-alt fas\" aria-hidden=\"true\"><\/i><\/span><div class=\"fusion-li-item-content\">Butikschef Jesper R\u00f8nsholt,\u00a0Mr. Niels Ove<\/div><\/li><li class=\"fusion-li-item\" style=\"\"><span class=\"icon-wrapper circle-no\"><i class=\"fusion-li-icon fa-user-alt fas\" aria-hidden=\"true\"><\/i><\/span><div class=\"fusion-li-item-content\">\n<p>Forretningsindehaver Anja Lund, My Apartment<\/p>\n<\/div><\/li><li class=\"fusion-li-item\" style=\"\"><span class=\"icon-wrapper circle-no\"><i class=\"fusion-li-icon fa-user-alt fas\" aria-hidden=\"true\"><\/i><\/span><div class=\"fusion-li-item-content\">\n<p>Butikschef Dennis Nielsen, Din T\u00f8jmand<\/p>\n<\/div><\/li><li class=\"fusion-li-item\" style=\"\"><span class=\"icon-wrapper circle-no\"><i class=\"fusion-li-icon fa-user-alt fas\" aria-hidden=\"true\"><\/i><\/span><div class=\"fusion-li-item-content\">Forretningsindehaver Tina Langkilde, Skoringen<\/div><\/li><\/ul><\/div><\/div><\/div><\/div>\n","protected":false},"excerpt":{"rendered":"","protected":false},"author":1,"featured_media":6962,"parent":36,"menu_order":0,"comment_status":"closed","ping_status":"closed","template":"100-width.php","meta":{"footnotes":""},"class_list":["post-3119","page","type-page","status-publish","has-post-thumbnail","hentry"],"yoast_head":"<!-- This site is optimized with the Yoast SEO plugin v27.2 - https:\/\/yoast.com\/product\/yoast-seo-wordpress\/ -->\n<title>Aktivitetsafdelingen - K\u00f8ge Handel<\/title>\n<meta name=\"robots\" content=\"noindex, follow, max-snippet:-1, max-image-preview:large, max-video-preview:-1\" \/>\n<meta property=\"og:locale\" content=\"da_DK\" \/>\n<meta property=\"og:type\" content=\"article\" \/>\n<meta property=\"og:title\" content=\"Aktivitetsafdelingen - K\u00f8ge Handel\" \/>\n<meta property=\"og:url\" content=\"https:\/\/koege.anvil.dk\/om-os\/aktivitetsafdelingen\/\" \/>\n<meta property=\"og:site_name\" content=\"K\u00f8ge Handel\" \/>\n<meta property=\"article:modified_time\" content=\"2026-03-02T10:53:45+00:00\" \/>\n<meta property=\"og:image\" content=\"http:\/\/koege.anvil.dk\/wp-content\/uploads\/2023\/12\/300623_Rose-Rose-39-scaled.jpg\" \/>\n\t<meta property=\"og:image:width\" content=\"2560\" \/>\n\t<meta property=\"og:image:height\" content=\"1708\" \/>\n\t<meta property=\"og:image:type\" content=\"image\/jpeg\" \/>\n<meta name=\"twitter:card\" content=\"summary_large_image\" \/>\n<meta name=\"twitter:label1\" content=\"Estimeret l\u00e6setid\" \/>\n\t<meta name=\"twitter:data1\" content=\"1 minut\" \/>\n<script type=\"application\/ld+json\" class=\"yoast-schema-graph\">{\"@context\":\"https:\/\/schema.org\",\"@graph\":[{\"@type\":\"WebPage\",\"@id\":\"https:\/\/koege.anvil.dk\/om-os\/aktivitetsafdelingen\/\",\"url\":\"https:\/\/koege.anvil.dk\/om-os\/aktivitetsafdelingen\/\",\"name\":\"Aktivitetsafdelingen - K\u00f8ge Handel\",\"isPartOf\":{\"@id\":\"https:\/\/koege.anvil.dk\/#website\"},\"primaryImageOfPage\":{\"@id\":\"https:\/\/koege.anvil.dk\/om-os\/aktivitetsafdelingen\/#primaryimage\"},\"image\":{\"@id\":\"https:\/\/koege.anvil.dk\/om-os\/aktivitetsafdelingen\/#primaryimage\"},\"thumbnailUrl\":\"https:\/\/koege.anvil.dk\/wp-content\/uploads\/2023\/12\/300623_Rose-Rose-39-scaled.jpg\",\"datePublished\":\"2023-11-16T11:07:47+00:00\",\"dateModified\":\"2026-03-02T10:53:45+00:00\",\"breadcrumb\":{\"@id\":\"https:\/\/koege.anvil.dk\/om-os\/aktivitetsafdelingen\/#breadcrumb\"},\"inLanguage\":\"da-DK\",\"potentialAction\":[{\"@type\":\"ReadAction\",\"target\":[\"https:\/\/koege.anvil.dk\/om-os\/aktivitetsafdelingen\/\"]}]},{\"@type\":\"ImageObject\",\"inLanguage\":\"da-DK\",\"@id\":\"https:\/\/koege.anvil.dk\/om-os\/aktivitetsafdelingen\/#primaryimage\",\"url\":\"https:\/\/koege.anvil.dk\/wp-content\/uploads\/2023\/12\/300623_Rose-Rose-39-scaled.jpg\",\"contentUrl\":\"https:\/\/koege.anvil.dk\/wp-content\/uploads\/2023\/12\/300623_Rose-Rose-39-scaled.jpg\",\"width\":2560,\"height\":1708},{\"@type\":\"BreadcrumbList\",\"@id\":\"https:\/\/koege.anvil.dk\/om-os\/aktivitetsafdelingen\/#breadcrumb\",\"itemListElement\":[{\"@type\":\"ListItem\",\"position\":1,\"name\":\"Home\",\"item\":\"https:\/\/koege.anvil.dk\/\"},{\"@type\":\"ListItem\",\"position\":2,\"name\":\"Om os\",\"item\":\"https:\/\/koege.anvil.dk\/om-os\/\"},{\"@type\":\"ListItem\",\"position\":3,\"name\":\"Aktivitetsafdelingen\"}]},{\"@type\":\"WebSite\",\"@id\":\"https:\/\/koege.anvil.dk\/#website\",\"url\":\"https:\/\/koege.anvil.dk\/\",\"name\":\"K\u00f8ge Handel\",\"description\":\"\",\"publisher\":{\"@id\":\"https:\/\/koege.anvil.dk\/#organization\"},\"potentialAction\":[{\"@type\":\"SearchAction\",\"target\":{\"@type\":\"EntryPoint\",\"urlTemplate\":\"https:\/\/koege.anvil.dk\/?s={search_term_string}\"},\"query-input\":{\"@type\":\"PropertyValueSpecification\",\"valueRequired\":true,\"valueName\":\"search_term_string\"}}],\"inLanguage\":\"da-DK\"},{\"@type\":\"Organization\",\"@id\":\"https:\/\/koege.anvil.dk\/#organization\",\"name\":\"K\u00f8ge Handel\",\"url\":\"https:\/\/koege.anvil.dk\/\",\"logo\":{\"@type\":\"ImageObject\",\"inLanguage\":\"da-DK\",\"@id\":\"https:\/\/koege.anvil.dk\/#\/schema\/logo\/image\/\",\"url\":\"http:\/\/koege.anvil.dk\/wp-content\/uploads\/2023\/10\/Koegehandel-logo.webp\",\"contentUrl\":\"http:\/\/koege.anvil.dk\/wp-content\/uploads\/2023\/10\/Koegehandel-logo.webp\",\"width\":600,\"height\":109,\"caption\":\"K\u00f8ge Handel\"},\"image\":{\"@id\":\"https:\/\/koege.anvil.dk\/#\/schema\/logo\/image\/\"}}]}<\/script>\n<!-- \/ Yoast SEO plugin. -->","yoast_head_json":{"title":"Aktivitetsafdelingen - K\u00f8ge Handel","robots":{"index":"noindex","follow":"follow","max-snippet":"max-snippet:-1","max-image-preview":"max-image-preview:large","max-video-preview":"max-video-preview:-1"},"og_locale":"da_DK","og_type":"article","og_title":"Aktivitetsafdelingen - K\u00f8ge Handel","og_url":"https:\/\/koege.anvil.dk\/om-os\/aktivitetsafdelingen\/","og_site_name":"K\u00f8ge Handel","article_modified_time":"2026-03-02T10:53:45+00:00","og_image":[{"width":2560,"height":1708,"url":"http:\/\/koege.anvil.dk\/wp-content\/uploads\/2023\/12\/300623_Rose-Rose-39-scaled.jpg","type":"image\/jpeg"}],"twitter_card":"summary_large_image","twitter_misc":{"Estimeret l\u00e6setid":"1 minut"},"schema":{"@context":"https:\/\/schema.org","@graph":[{"@type":"WebPage","@id":"https:\/\/koege.anvil.dk\/om-os\/aktivitetsafdelingen\/","url":"https:\/\/koege.anvil.dk\/om-os\/aktivitetsafdelingen\/","name":"Aktivitetsafdelingen - K\u00f8ge Handel","isPartOf":{"@id":"https:\/\/koege.anvil.dk\/#website"},"primaryImageOfPage":{"@id":"https:\/\/koege.anvil.dk\/om-os\/aktivitetsafdelingen\/#primaryimage"},"image":{"@id":"https:\/\/koege.anvil.dk\/om-os\/aktivitetsafdelingen\/#primaryimage"},"thumbnailUrl":"https:\/\/koege.anvil.dk\/wp-content\/uploads\/2023\/12\/300623_Rose-Rose-39-scaled.jpg","datePublished":"2023-11-16T11:07:47+00:00","dateModified":"2026-03-02T10:53:45+00:00","breadcrumb":{"@id":"https:\/\/koege.anvil.dk\/om-os\/aktivitetsafdelingen\/#breadcrumb"},"inLanguage":"da-DK","potentialAction":[{"@type":"ReadAction","target":["https:\/\/koege.anvil.dk\/om-os\/aktivitetsafdelingen\/"]}]},{"@type":"ImageObject","inLanguage":"da-DK","@id":"https:\/\/koege.anvil.dk\/om-os\/aktivitetsafdelingen\/#primaryimage","url":"https:\/\/koege.anvil.dk\/wp-content\/uploads\/2023\/12\/300623_Rose-Rose-39-scaled.jpg","contentUrl":"https:\/\/koege.anvil.dk\/wp-content\/uploads\/2023\/12\/300623_Rose-Rose-39-scaled.jpg","width":2560,"height":1708},{"@type":"BreadcrumbList","@id":"https:\/\/koege.anvil.dk\/om-os\/aktivitetsafdelingen\/#breadcrumb","itemListElement":[{"@type":"ListItem","position":1,"name":"Home","item":"https:\/\/koege.anvil.dk\/"},{"@type":"ListItem","position":2,"name":"Om os","item":"https:\/\/koege.anvil.dk\/om-os\/"},{"@type":"ListItem","position":3,"name":"Aktivitetsafdelingen"}]},{"@type":"WebSite","@id":"https:\/\/koege.anvil.dk\/#website","url":"https:\/\/koege.anvil.dk\/","name":"K\u00f8ge Handel","description":"","publisher":{"@id":"https:\/\/koege.anvil.dk\/#organization"},"potentialAction":[{"@type":"SearchAction","target":{"@type":"EntryPoint","urlTemplate":"https:\/\/koege.anvil.dk\/?s={search_term_string}"},"query-input":{"@type":"PropertyValueSpecification","valueRequired":true,"valueName":"search_term_string"}}],"inLanguage":"da-DK"},{"@type":"Organization","@id":"https:\/\/koege.anvil.dk\/#organization","name":"K\u00f8ge Handel","url":"https:\/\/koege.anvil.dk\/","logo":{"@type":"ImageObject","inLanguage":"da-DK","@id":"https:\/\/koege.anvil.dk\/#\/schema\/logo\/image\/","url":"http:\/\/koege.anvil.dk\/wp-content\/uploads\/2023\/10\/Koegehandel-logo.webp","contentUrl":"http:\/\/koege.anvil.dk\/wp-content\/uploads\/2023\/10\/Koegehandel-logo.webp","width":600,"height":109,"caption":"K\u00f8ge Handel"},"image":{"@id":"https:\/\/koege.anvil.dk\/#\/schema\/logo\/image\/"}}]}},"_links":{"self":[{"href":"https:\/\/koege.anvil.dk\/index.php?rest_route=\/wp\/v2\/pages\/3119","targetHints":{"allow":["GET"]}}],"collection":[{"href":"https:\/\/koege.anvil.dk\/index.php?rest_route=\/wp\/v2\/pages"}],"about":[{"href":"https:\/\/koege.anvil.dk\/index.php?rest_route=\/wp\/v2\/types\/page"}],"author":[{"embeddable":true,"href":"https:\/\/koege.anvil.dk\/index.php?rest_route=\/wp\/v2\/users\/1"}],"replies":[{"embeddable":true,"href":"https:\/\/koege.anvil.dk\/index.php?rest_route=%2Fwp%2Fv2%2Fcomments&post=3119"}],"version-history":[{"count":0,"href":"https:\/\/koege.anvil.dk\/index.php?rest_route=\/wp\/v2\/pages\/3119\/revisions"}],"up":[{"embeddable":true,"href":"https:\/\/koege.anvil.dk\/index.php?rest_route=\/wp\/v2\/pages\/36"}],"wp:featuredmedia":[{"embeddable":true,"href":"https:\/\/koege.anvil.dk\/index.php?rest_route=\/wp\/v2\/media\/6962"}],"wp:attachment":[{"href":"https:\/\/koege.anvil.dk\/index.php?rest_route=%2Fwp%2Fv2%2Fmedia&parent=3119"}],"curies":[{"name":"wp","href":"https:\/\/api.w.org\/{rel}","templated":true}]}}