{"id":3117,"date":"2023-11-16T12:07:33","date_gmt":"2023-11-16T11:07:33","guid":{"rendered":"https:\/\/zeppelin.skywalkr.site\/?page_id=3117"},"modified":"2025-03-24T13:27:40","modified_gmt":"2025-03-24T12:27:40","slug":"kontingent-medlemskab-koege-handel","status":"publish","type":"page","link":"https:\/\/koege.anvil.dk\/?page_id=3117","title":{"rendered":"Kontingent"},"content":{"rendered":"<div class=\"fusion-fullwidth fullwidth-box fusion-builder-row-1 fusion-flex-container has-pattern-background has-mask-background nonhundred-percent-fullwidth non-hundred-percent-height-scrolling\" style=\"--awb-border-radius-top-left:0px;--awb-border-radius-top-right:0px;--awb-border-radius-bottom-right:0px;--awb-border-radius-bottom-left:0px;--awb-flex-wrap:wrap;\" ><div class=\"fusion-builder-row fusion-row fusion-flex-align-items-center fusion-flex-justify-content-center fusion-flex-content-wrap\" style=\"max-width:1248px;margin-left: calc(-4% \/ 2 );margin-right: calc(-4% \/ 2 );\"><div class=\"fusion-layout-column fusion_builder_column fusion-builder-column-0 fusion_builder_column_1_1 1_1 fusion-flex-column\" style=\"--awb-bg-size:cover;--awb-width-large:100%;--awb-margin-top-large:0px;--awb-spacing-right-large:1.92%;--awb-margin-bottom-large:20px;--awb-spacing-left-large:1.92%;--awb-width-medium:100%;--awb-order-medium:0;--awb-spacing-right-medium:1.92%;--awb-spacing-left-medium:1.92%;--awb-width-small:100%;--awb-order-small:0;--awb-spacing-right-small:1.92%;--awb-spacing-left-small:1.92%;\"><div class=\"fusion-column-wrapper fusion-column-has-shadow fusion-flex-justify-content-flex-start fusion-content-layout-column\"><div class=\"fusion-title title fusion-title-1 fusion-sep-none fusion-title-text fusion-title-size-two\" style=\"--awb-margin-top:0px;--awb-margin-top-small:10px;--awb-margin-right-small:0px;--awb-margin-bottom-small:10px;--awb-margin-left-small:0px;--awb-font-size:48px;\"><h2 class=\"fusion-title-heading title-heading-left sm-text-align-center fusion-responsive-typography-calculated\" style=\"font-family:var(--awb-typography1-font-family);font-weight:var(--awb-typography1-font-weight);font-style:var(--awb-typography1-font-style);margin:0;letter-spacing:var(--awb-typography1-letter-spacing);text-transform:var(--awb-typography1-text-transform);font-size:1em;--fontSize:48;line-height:1;\"><strong style=\"color: var(--awb-color5);\">Kontingent<\/strong> fra 2025 pr. kvartal ex. moms<\/h2><\/div><div class=\"fusion-text fusion-text-1\"><p>Kontingentsatserne er baseret p\u00e5 geografisk placering samt efter erhverv. For de fysiske butikker g\u00e6lder der ligeledes for antal kvm salgsareal. Har du sp\u00f8rgsm\u00e5l eller er du i tvivl, s\u00e5 kontakt os endelig og vi hj\u00e6lper med afklaring.<\/p>\n<\/div><div class=\"fusion-text fusion-text-2 sm-text-align-center\" style=\"--awb-content-alignment:left;\"><p><strong>Centrum over 200 kvm:<br \/>\n<\/strong>Aftales med foreningens bestyrelse<\/p>\n<p><strong>Centrum (mellem 150 kvm-200 kvm.):<\/strong> Butikker\/Restauranter\/Pengeinstitutter<br \/>\n4.584,00 kr.<\/p>\n<p><strong>Centrum (mellem 100-150 kvm.):<\/strong> Butikker\/Restauranter<br \/>\n3.605,00 kr.<\/p>\n<p><strong>Centrum (mellem 50-100 kvm.):<\/strong> Butikker\/Restauranter\/Store G\u00e5rdbutikker<br \/>\n2.400,00 kr.<\/p>\n<p><strong>Centrum (under 50 kvm.):<\/strong> Butikker\/Restauranter<br \/>\n1.803,00 kr.<\/p>\n<p><strong>Centrum:<\/strong> Kiosker\/Fris\u00f8rer\/Sm\u00e5 G\u00e5rdbutikker<br \/>\n1.215,00 kr.<\/p>\n<p><strong>\u00d8vrige: <\/strong>Foreninger\/Erhverv<br \/>\n1.803,00 kr.<\/p>\n<p><strong>Udenfor centrum: <\/strong>Pengeinstitutter<br \/>\n2.997,00 kr.<\/p>\n<p><strong>Udenfor centrum (over 50 kvm.): <\/strong>Butikker\/Restauranter<br \/>\n1.566,00 kr.<\/p>\n<p><strong>Udenfor centrum (under 50 kvm.): <\/strong>Butikker\/Wellness<br \/>\n1.215,00 kr.<\/p>\n<p><strong>R\u00e5dhusstr\u00e6de:<\/strong><br \/>\n3.193,00 kr.<\/p>\n<p><strong>Butikker \u00e5bent mindre end 50 % af de normale \u00e5bningsdage:<\/strong><br \/>\n592,00 kr.<\/p>\n<\/div><\/div><\/div><\/div><\/div>\n","protected":false},"excerpt":{"rendered":"","protected":false},"author":1,"featured_media":8643,"parent":36,"menu_order":0,"comment_status":"closed","ping_status":"closed","template":"100-width.php","meta":{"footnotes":""},"class_list":["post-3117","page","type-page","status-publish","has-post-thumbnail","hentry"],"yoast_head":"<!-- This site is optimized with the Yoast SEO plugin v27.2 - https:\/\/yoast.com\/product\/yoast-seo-wordpress\/ -->\n<title>Kontingent - K\u00f8ge Handel<\/title>\n<meta name=\"description\" content=\"Kontingentsatser efter erhverv, herefter geografisk placering og for de fysiske butikker g\u00e6lder der ligeledes for antal kvm salgsareal.\" \/>\n<meta name=\"robots\" content=\"noindex, follow, max-snippet:-1, max-image-preview:large, max-video-preview:-1\" \/>\n<meta property=\"og:locale\" content=\"da_DK\" \/>\n<meta property=\"og:type\" content=\"article\" \/>\n<meta property=\"og:title\" content=\"Kontingent - K\u00f8ge Handel\" \/>\n<meta property=\"og:description\" content=\"Kontingentsatser efter erhverv, herefter geografisk placering og for de fysiske butikker g\u00e6lder der ligeledes for antal kvm salgsareal.\" \/>\n<meta property=\"og:url\" content=\"https:\/\/koege.anvil.dk\/om-os\/kontingent-medlemskab-koege-handel\/\" \/>\n<meta property=\"og:site_name\" content=\"K\u00f8ge Handel\" \/>\n<meta property=\"article:modified_time\" content=\"2025-03-24T12:27:40+00:00\" \/>\n<meta property=\"og:image\" content=\"http:\/\/koege.anvil.dk\/wp-content\/uploads\/2025\/03\/liv-paa-torvet.jpg\" \/>\n\t<meta property=\"og:image:width\" content=\"1600\" \/>\n\t<meta property=\"og:image:height\" content=\"1143\" \/>\n\t<meta property=\"og:image:type\" content=\"image\/jpeg\" \/>\n<meta name=\"twitter:card\" content=\"summary_large_image\" \/>\n<meta name=\"twitter:label1\" content=\"Estimeret l\u00e6setid\" \/>\n\t<meta name=\"twitter:data1\" content=\"1 minut\" \/>\n<script type=\"application\/ld+json\" class=\"yoast-schema-graph\">{\"@context\":\"https:\/\/schema.org\",\"@graph\":[{\"@type\":\"WebPage\",\"@id\":\"https:\/\/koege.anvil.dk\/om-os\/kontingent-medlemskab-koege-handel\/\",\"url\":\"https:\/\/koege.anvil.dk\/om-os\/kontingent-medlemskab-koege-handel\/\",\"name\":\"Kontingent - K\u00f8ge Handel\",\"isPartOf\":{\"@id\":\"https:\/\/koege.anvil.dk\/#website\"},\"primaryImageOfPage\":{\"@id\":\"https:\/\/koege.anvil.dk\/om-os\/kontingent-medlemskab-koege-handel\/#primaryimage\"},\"image\":{\"@id\":\"https:\/\/koege.anvil.dk\/om-os\/kontingent-medlemskab-koege-handel\/#primaryimage\"},\"thumbnailUrl\":\"https:\/\/koege.anvil.dk\/wp-content\/uploads\/2025\/03\/liv-paa-torvet.jpg\",\"datePublished\":\"2023-11-16T11:07:33+00:00\",\"dateModified\":\"2025-03-24T12:27:40+00:00\",\"description\":\"Kontingentsatser efter erhverv, herefter geografisk placering og for de fysiske butikker g\u00e6lder der ligeledes for antal kvm salgsareal.\",\"breadcrumb\":{\"@id\":\"https:\/\/koege.anvil.dk\/om-os\/kontingent-medlemskab-koege-handel\/#breadcrumb\"},\"inLanguage\":\"da-DK\",\"potentialAction\":[{\"@type\":\"ReadAction\",\"target\":[\"https:\/\/koege.anvil.dk\/om-os\/kontingent-medlemskab-koege-handel\/\"]}]},{\"@type\":\"ImageObject\",\"inLanguage\":\"da-DK\",\"@id\":\"https:\/\/koege.anvil.dk\/om-os\/kontingent-medlemskab-koege-handel\/#primaryimage\",\"url\":\"https:\/\/koege.anvil.dk\/wp-content\/uploads\/2025\/03\/liv-paa-torvet.jpg\",\"contentUrl\":\"https:\/\/koege.anvil.dk\/wp-content\/uploads\/2025\/03\/liv-paa-torvet.jpg\",\"width\":1600,\"height\":1143,\"caption\":\"liv p\u00e5 K\u00f8ge Torv\"},{\"@type\":\"BreadcrumbList\",\"@id\":\"https:\/\/koege.anvil.dk\/om-os\/kontingent-medlemskab-koege-handel\/#breadcrumb\",\"itemListElement\":[{\"@type\":\"ListItem\",\"position\":1,\"name\":\"Home\",\"item\":\"https:\/\/koege.anvil.dk\/\"},{\"@type\":\"ListItem\",\"position\":2,\"name\":\"Om os\",\"item\":\"https:\/\/koege.anvil.dk\/om-os\/\"},{\"@type\":\"ListItem\",\"position\":3,\"name\":\"Kontingent\"}]},{\"@type\":\"WebSite\",\"@id\":\"https:\/\/koege.anvil.dk\/#website\",\"url\":\"https:\/\/koege.anvil.dk\/\",\"name\":\"K\u00f8ge Handel\",\"description\":\"\",\"publisher\":{\"@id\":\"https:\/\/koege.anvil.dk\/#organization\"},\"potentialAction\":[{\"@type\":\"SearchAction\",\"target\":{\"@type\":\"EntryPoint\",\"urlTemplate\":\"https:\/\/koege.anvil.dk\/?s={search_term_string}\"},\"query-input\":{\"@type\":\"PropertyValueSpecification\",\"valueRequired\":true,\"valueName\":\"search_term_string\"}}],\"inLanguage\":\"da-DK\"},{\"@type\":\"Organization\",\"@id\":\"https:\/\/koege.anvil.dk\/#organization\",\"name\":\"K\u00f8ge Handel\",\"url\":\"https:\/\/koege.anvil.dk\/\",\"logo\":{\"@type\":\"ImageObject\",\"inLanguage\":\"da-DK\",\"@id\":\"https:\/\/koege.anvil.dk\/#\/schema\/logo\/image\/\",\"url\":\"http:\/\/koege.anvil.dk\/wp-content\/uploads\/2023\/10\/Koegehandel-logo.webp\",\"contentUrl\":\"http:\/\/koege.anvil.dk\/wp-content\/uploads\/2023\/10\/Koegehandel-logo.webp\",\"width\":600,\"height\":109,\"caption\":\"K\u00f8ge Handel\"},\"image\":{\"@id\":\"https:\/\/koege.anvil.dk\/#\/schema\/logo\/image\/\"}}]}<\/script>\n<!-- \/ Yoast SEO plugin. -->","yoast_head_json":{"title":"Kontingent - K\u00f8ge Handel","description":"Kontingentsatser efter erhverv, herefter geografisk placering og for de fysiske butikker g\u00e6lder der ligeledes for antal kvm salgsareal.","robots":{"index":"noindex","follow":"follow","max-snippet":"max-snippet:-1","max-image-preview":"max-image-preview:large","max-video-preview":"max-video-preview:-1"},"og_locale":"da_DK","og_type":"article","og_title":"Kontingent - K\u00f8ge Handel","og_description":"Kontingentsatser efter erhverv, herefter geografisk placering og for de fysiske butikker g\u00e6lder der ligeledes for antal kvm salgsareal.","og_url":"https:\/\/koege.anvil.dk\/om-os\/kontingent-medlemskab-koege-handel\/","og_site_name":"K\u00f8ge Handel","article_modified_time":"2025-03-24T12:27:40+00:00","og_image":[{"width":1600,"height":1143,"url":"http:\/\/koege.anvil.dk\/wp-content\/uploads\/2025\/03\/liv-paa-torvet.jpg","type":"image\/jpeg"}],"twitter_card":"summary_large_image","twitter_misc":{"Estimeret l\u00e6setid":"1 minut"},"schema":{"@context":"https:\/\/schema.org","@graph":[{"@type":"WebPage","@id":"https:\/\/koege.anvil.dk\/om-os\/kontingent-medlemskab-koege-handel\/","url":"https:\/\/koege.anvil.dk\/om-os\/kontingent-medlemskab-koege-handel\/","name":"Kontingent - K\u00f8ge Handel","isPartOf":{"@id":"https:\/\/koege.anvil.dk\/#website"},"primaryImageOfPage":{"@id":"https:\/\/koege.anvil.dk\/om-os\/kontingent-medlemskab-koege-handel\/#primaryimage"},"image":{"@id":"https:\/\/koege.anvil.dk\/om-os\/kontingent-medlemskab-koege-handel\/#primaryimage"},"thumbnailUrl":"https:\/\/koege.anvil.dk\/wp-content\/uploads\/2025\/03\/liv-paa-torvet.jpg","datePublished":"2023-11-16T11:07:33+00:00","dateModified":"2025-03-24T12:27:40+00:00","description":"Kontingentsatser efter erhverv, herefter geografisk placering og for de fysiske butikker g\u00e6lder der ligeledes for antal kvm salgsareal.","breadcrumb":{"@id":"https:\/\/koege.anvil.dk\/om-os\/kontingent-medlemskab-koege-handel\/#breadcrumb"},"inLanguage":"da-DK","potentialAction":[{"@type":"ReadAction","target":["https:\/\/koege.anvil.dk\/om-os\/kontingent-medlemskab-koege-handel\/"]}]},{"@type":"ImageObject","inLanguage":"da-DK","@id":"https:\/\/koege.anvil.dk\/om-os\/kontingent-medlemskab-koege-handel\/#primaryimage","url":"https:\/\/koege.anvil.dk\/wp-content\/uploads\/2025\/03\/liv-paa-torvet.jpg","contentUrl":"https:\/\/koege.anvil.dk\/wp-content\/uploads\/2025\/03\/liv-paa-torvet.jpg","width":1600,"height":1143,"caption":"liv p\u00e5 K\u00f8ge Torv"},{"@type":"BreadcrumbList","@id":"https:\/\/koege.anvil.dk\/om-os\/kontingent-medlemskab-koege-handel\/#breadcrumb","itemListElement":[{"@type":"ListItem","position":1,"name":"Home","item":"https:\/\/koege.anvil.dk\/"},{"@type":"ListItem","position":2,"name":"Om os","item":"https:\/\/koege.anvil.dk\/om-os\/"},{"@type":"ListItem","position":3,"name":"Kontingent"}]},{"@type":"WebSite","@id":"https:\/\/koege.anvil.dk\/#website","url":"https:\/\/koege.anvil.dk\/","name":"K\u00f8ge Handel","description":"","publisher":{"@id":"https:\/\/koege.anvil.dk\/#organization"},"potentialAction":[{"@type":"SearchAction","target":{"@type":"EntryPoint","urlTemplate":"https:\/\/koege.anvil.dk\/?s={search_term_string}"},"query-input":{"@type":"PropertyValueSpecification","valueRequired":true,"valueName":"search_term_string"}}],"inLanguage":"da-DK"},{"@type":"Organization","@id":"https:\/\/koege.anvil.dk\/#organization","name":"K\u00f8ge Handel","url":"https:\/\/koege.anvil.dk\/","logo":{"@type":"ImageObject","inLanguage":"da-DK","@id":"https:\/\/koege.anvil.dk\/#\/schema\/logo\/image\/","url":"http:\/\/koege.anvil.dk\/wp-content\/uploads\/2023\/10\/Koegehandel-logo.webp","contentUrl":"http:\/\/koege.anvil.dk\/wp-content\/uploads\/2023\/10\/Koegehandel-logo.webp","width":600,"height":109,"caption":"K\u00f8ge Handel"},"image":{"@id":"https:\/\/koege.anvil.dk\/#\/schema\/logo\/image\/"}}]}},"_links":{"self":[{"href":"https:\/\/koege.anvil.dk\/index.php?rest_route=\/wp\/v2\/pages\/3117","targetHints":{"allow":["GET"]}}],"collection":[{"href":"https:\/\/koege.anvil.dk\/index.php?rest_route=\/wp\/v2\/pages"}],"about":[{"href":"https:\/\/koege.anvil.dk\/index.php?rest_route=\/wp\/v2\/types\/page"}],"author":[{"embeddable":true,"href":"https:\/\/koege.anvil.dk\/index.php?rest_route=\/wp\/v2\/users\/1"}],"replies":[{"embeddable":true,"href":"https:\/\/koege.anvil.dk\/index.php?rest_route=%2Fwp%2Fv2%2Fcomments&post=3117"}],"version-history":[{"count":0,"href":"https:\/\/koege.anvil.dk\/index.php?rest_route=\/wp\/v2\/pages\/3117\/revisions"}],"up":[{"embeddable":true,"href":"https:\/\/koege.anvil.dk\/index.php?rest_route=\/wp\/v2\/pages\/36"}],"wp:featuredmedia":[{"embeddable":true,"href":"https:\/\/koege.anvil.dk\/index.php?rest_route=\/wp\/v2\/media\/8643"}],"wp:attachment":[{"href":"https:\/\/koege.anvil.dk\/index.php?rest_route=%2Fwp%2Fv2%2Fmedia&parent=3117"}],"curies":[{"name":"wp","href":"https:\/\/api.w.org\/{rel}","templated":true}]}}