{"id":207,"date":"2023-10-10T13:56:58","date_gmt":"2023-10-10T11:56:58","guid":{"rendered":"https:\/\/zeppelin.skywalkr.site\/?page_id=207"},"modified":"2024-10-15T09:19:47","modified_gmt":"2024-10-15T07:19:47","slug":"persondatapolitik","status":"publish","type":"page","link":"https:\/\/koege.anvil.dk\/?page_id=207","title":{"rendered":"Persondatapolitik"},"content":{"rendered":"<div class=\"fusion-fullwidth fullwidth-box fusion-builder-row-1 fusion-flex-container has-pattern-background has-mask-background nonhundred-percent-fullwidth non-hundred-percent-height-scrolling\" style=\"--awb-border-radius-top-left:0px;--awb-border-radius-top-right:0px;--awb-border-radius-bottom-right:0px;--awb-border-radius-bottom-left:0px;--awb-padding-top:60px;--awb-padding-bottom:60px;--awb-padding-top-medium:30px;--awb-padding-bottom-medium:30px;--awb-flex-wrap:wrap;\" ><div class=\"fusion-builder-row fusion-row fusion-flex-align-items-flex-start fusion-flex-content-wrap\" style=\"max-width:1248px;margin-left: calc(-4% \/ 2 );margin-right: calc(-4% \/ 2 );\"><div class=\"fusion-layout-column fusion_builder_column fusion-builder-column-0 fusion_builder_column_1_1 1_1 fusion-flex-column\" style=\"--awb-bg-size:cover;--awb-width-large:100%;--awb-margin-top-large:0px;--awb-spacing-right-large:1.92%;--awb-margin-bottom-large:0px;--awb-spacing-left-large:1.92%;--awb-width-medium:100%;--awb-spacing-right-medium:1.92%;--awb-spacing-left-medium:1.92%;--awb-width-small:100%;--awb-spacing-right-small:1.92%;--awb-spacing-left-small:1.92%;\"><div class=\"fusion-column-wrapper fusion-flex-justify-content-flex-start fusion-content-layout-column\"><div class=\"fusion-text fusion-text-1\"><p><strong>K\u00f8ge Handel har opdateret privatlivspolitikken jf. EU-Persondataforordning (GDPR)<\/strong><br \/>\nVi passer godt p\u00e5 dine data! Dit privatliv er det vigtigste!<\/p>\n<p>Med disse opdateringer er vi nu i overensstemmelse med de h\u00f8je standarder for privatlivspolitik, som er blevet introduceret gennem EU\u2019s persondataforordning ogs\u00e5 kendt som General Data Protection Regulation (GDPR).<\/p>\n<p>Dine personlige data opbevares i vores mail-system vil kun blive videregivet, s\u00e5fremt vi er forpligtet til det efter lovgivningen, eller det jf. interesseafvejning giver god mening for dig eller din virksomhed jf. vores kontaktslige samarbejde eller ved samtykke hertil.<\/p>\n<p>EU\u2019s nye lovgivning kr\u00e6ver, at virksomheder holder data opdateret. Derfor opfordrer vi til, at du l\u00f8bende holder os opdateret med \u00e6ndringer i de data, vi har om dig.<\/p>\n<p>Vi vil stadigt gerne sende dig interessant og relevant indhold, og de data, vi gemmer, er dit navn, din e-mailadresse, virksomhedsinformation, rolle og telefonnummer og dine data bliver gemt p\u00e5 en sikker m\u00e5de.<br \/>\nDu har selvf\u00f8lgelig ogs\u00e5 retten til at blive glemt, hvilket vi respekterer h\u00f8jt.<br \/>\nDu er altid velkommen til kontakte vores forening p\u00e5 telefon <a href=\"tel:4023 7008\">4023 7008<\/a> eller pr. mail til <a href=\"mailto:info@koege.anvil.dk\">info@koege.anvil.dk<\/a>, med rettelser, eller \u00f8nske om at blive slettet eller at f\u00e5 tilsendt vores Privatlivspolitik<\/p>\n<\/div><div class=\"fusion-title title fusion-title-1 fusion-sep-none fusion-title-text fusion-title-size-two\" style=\"--awb-margin-top-small:10px;--awb-margin-right-small:0px;--awb-margin-bottom-small:10px;--awb-margin-left-small:0px;\"><h2 class=\"fusion-title-heading title-heading-left fusion-responsive-typography-calculated\" style=\"margin:0;text-transform:none;--fontSize:48;line-height:var(--awb-typography1-line-height);\">Cookies<\/h2><\/div><div class= \"cky-audit-table-element\"><\/div><\/div><\/div><\/div><\/div>\n","protected":false},"excerpt":{"rendered":"","protected":false},"author":1,"featured_media":0,"parent":0,"menu_order":0,"comment_status":"closed","ping_status":"closed","template":"","meta":{"footnotes":""},"class_list":["post-207","page","type-page","status-publish","hentry"],"yoast_head":"<!-- This site is optimized with the Yoast SEO plugin v27.2 - https:\/\/yoast.com\/product\/yoast-seo-wordpress\/ -->\n<title>Persondatapolitik - K\u00f8ge Handel<\/title>\n<meta name=\"description\" content=\"Dine personlige data opbevares i vores mail-system vil kun blive videregivet, s\u00e5fremt vi er forpligtet til det efter lovgivningen.\" \/>\n<meta name=\"robots\" content=\"noindex, follow, max-snippet:-1, max-image-preview:large, max-video-preview:-1\" \/>\n<meta property=\"og:locale\" content=\"da_DK\" \/>\n<meta property=\"og:type\" content=\"article\" \/>\n<meta property=\"og:title\" content=\"Persondatapolitik - K\u00f8ge Handel\" \/>\n<meta property=\"og:description\" content=\"Dine personlige data opbevares i vores mail-system vil kun blive videregivet, s\u00e5fremt vi er forpligtet til det efter lovgivningen.\" \/>\n<meta property=\"og:url\" content=\"https:\/\/koege.anvil.dk\/persondatapolitik\/\" \/>\n<meta property=\"og:site_name\" content=\"K\u00f8ge Handel\" \/>\n<meta property=\"article:modified_time\" content=\"2024-10-15T07:19:47+00:00\" \/>\n<meta name=\"twitter:card\" content=\"summary_large_image\" \/>\n<meta name=\"twitter:label1\" content=\"Estimeret l\u00e6setid\" \/>\n\t<meta name=\"twitter:data1\" content=\"2 minutter\" \/>\n<script type=\"application\/ld+json\" class=\"yoast-schema-graph\">{\"@context\":\"https:\/\/schema.org\",\"@graph\":[{\"@type\":\"WebPage\",\"@id\":\"https:\/\/koege.anvil.dk\/persondatapolitik\/\",\"url\":\"https:\/\/koege.anvil.dk\/persondatapolitik\/\",\"name\":\"Persondatapolitik - K\u00f8ge Handel\",\"isPartOf\":{\"@id\":\"https:\/\/koege.anvil.dk\/#website\"},\"datePublished\":\"2023-10-10T11:56:58+00:00\",\"dateModified\":\"2024-10-15T07:19:47+00:00\",\"description\":\"Dine personlige data opbevares i vores mail-system vil kun blive videregivet, s\u00e5fremt vi er forpligtet til det efter lovgivningen.\",\"breadcrumb\":{\"@id\":\"https:\/\/koege.anvil.dk\/persondatapolitik\/#breadcrumb\"},\"inLanguage\":\"da-DK\",\"potentialAction\":[{\"@type\":\"ReadAction\",\"target\":[\"https:\/\/koege.anvil.dk\/persondatapolitik\/\"]}]},{\"@type\":\"BreadcrumbList\",\"@id\":\"https:\/\/koege.anvil.dk\/persondatapolitik\/#breadcrumb\",\"itemListElement\":[{\"@type\":\"ListItem\",\"position\":1,\"name\":\"Home\",\"item\":\"https:\/\/koege.anvil.dk\/\"},{\"@type\":\"ListItem\",\"position\":2,\"name\":\"Persondatapolitik\"}]},{\"@type\":\"WebSite\",\"@id\":\"https:\/\/koege.anvil.dk\/#website\",\"url\":\"https:\/\/koege.anvil.dk\/\",\"name\":\"K\u00f8ge Handel\",\"description\":\"\",\"publisher\":{\"@id\":\"https:\/\/koege.anvil.dk\/#organization\"},\"potentialAction\":[{\"@type\":\"SearchAction\",\"target\":{\"@type\":\"EntryPoint\",\"urlTemplate\":\"https:\/\/koege.anvil.dk\/?s={search_term_string}\"},\"query-input\":{\"@type\":\"PropertyValueSpecification\",\"valueRequired\":true,\"valueName\":\"search_term_string\"}}],\"inLanguage\":\"da-DK\"},{\"@type\":\"Organization\",\"@id\":\"https:\/\/koege.anvil.dk\/#organization\",\"name\":\"K\u00f8ge Handel\",\"url\":\"https:\/\/koege.anvil.dk\/\",\"logo\":{\"@type\":\"ImageObject\",\"inLanguage\":\"da-DK\",\"@id\":\"https:\/\/koege.anvil.dk\/#\/schema\/logo\/image\/\",\"url\":\"http:\/\/koege.anvil.dk\/wp-content\/uploads\/2023\/10\/Koegehandel-logo.webp\",\"contentUrl\":\"http:\/\/koege.anvil.dk\/wp-content\/uploads\/2023\/10\/Koegehandel-logo.webp\",\"width\":600,\"height\":109,\"caption\":\"K\u00f8ge Handel\"},\"image\":{\"@id\":\"https:\/\/koege.anvil.dk\/#\/schema\/logo\/image\/\"}}]}<\/script>\n<!-- \/ Yoast SEO plugin. -->","yoast_head_json":{"title":"Persondatapolitik - K\u00f8ge Handel","description":"Dine personlige data opbevares i vores mail-system vil kun blive videregivet, s\u00e5fremt vi er forpligtet til det efter lovgivningen.","robots":{"index":"noindex","follow":"follow","max-snippet":"max-snippet:-1","max-image-preview":"max-image-preview:large","max-video-preview":"max-video-preview:-1"},"og_locale":"da_DK","og_type":"article","og_title":"Persondatapolitik - K\u00f8ge Handel","og_description":"Dine personlige data opbevares i vores mail-system vil kun blive videregivet, s\u00e5fremt vi er forpligtet til det efter lovgivningen.","og_url":"https:\/\/koege.anvil.dk\/persondatapolitik\/","og_site_name":"K\u00f8ge Handel","article_modified_time":"2024-10-15T07:19:47+00:00","twitter_card":"summary_large_image","twitter_misc":{"Estimeret l\u00e6setid":"2 minutter"},"schema":{"@context":"https:\/\/schema.org","@graph":[{"@type":"WebPage","@id":"https:\/\/koege.anvil.dk\/persondatapolitik\/","url":"https:\/\/koege.anvil.dk\/persondatapolitik\/","name":"Persondatapolitik - K\u00f8ge Handel","isPartOf":{"@id":"https:\/\/koege.anvil.dk\/#website"},"datePublished":"2023-10-10T11:56:58+00:00","dateModified":"2024-10-15T07:19:47+00:00","description":"Dine personlige data opbevares i vores mail-system vil kun blive videregivet, s\u00e5fremt vi er forpligtet til det efter lovgivningen.","breadcrumb":{"@id":"https:\/\/koege.anvil.dk\/persondatapolitik\/#breadcrumb"},"inLanguage":"da-DK","potentialAction":[{"@type":"ReadAction","target":["https:\/\/koege.anvil.dk\/persondatapolitik\/"]}]},{"@type":"BreadcrumbList","@id":"https:\/\/koege.anvil.dk\/persondatapolitik\/#breadcrumb","itemListElement":[{"@type":"ListItem","position":1,"name":"Home","item":"https:\/\/koege.anvil.dk\/"},{"@type":"ListItem","position":2,"name":"Persondatapolitik"}]},{"@type":"WebSite","@id":"https:\/\/koege.anvil.dk\/#website","url":"https:\/\/koege.anvil.dk\/","name":"K\u00f8ge Handel","description":"","publisher":{"@id":"https:\/\/koege.anvil.dk\/#organization"},"potentialAction":[{"@type":"SearchAction","target":{"@type":"EntryPoint","urlTemplate":"https:\/\/koege.anvil.dk\/?s={search_term_string}"},"query-input":{"@type":"PropertyValueSpecification","valueRequired":true,"valueName":"search_term_string"}}],"inLanguage":"da-DK"},{"@type":"Organization","@id":"https:\/\/koege.anvil.dk\/#organization","name":"K\u00f8ge Handel","url":"https:\/\/koege.anvil.dk\/","logo":{"@type":"ImageObject","inLanguage":"da-DK","@id":"https:\/\/koege.anvil.dk\/#\/schema\/logo\/image\/","url":"http:\/\/koege.anvil.dk\/wp-content\/uploads\/2023\/10\/Koegehandel-logo.webp","contentUrl":"http:\/\/koege.anvil.dk\/wp-content\/uploads\/2023\/10\/Koegehandel-logo.webp","width":600,"height":109,"caption":"K\u00f8ge Handel"},"image":{"@id":"https:\/\/koege.anvil.dk\/#\/schema\/logo\/image\/"}}]}},"_links":{"self":[{"href":"https:\/\/koege.anvil.dk\/index.php?rest_route=\/wp\/v2\/pages\/207","targetHints":{"allow":["GET"]}}],"collection":[{"href":"https:\/\/koege.anvil.dk\/index.php?rest_route=\/wp\/v2\/pages"}],"about":[{"href":"https:\/\/koege.anvil.dk\/index.php?rest_route=\/wp\/v2\/types\/page"}],"author":[{"embeddable":true,"href":"https:\/\/koege.anvil.dk\/index.php?rest_route=\/wp\/v2\/users\/1"}],"replies":[{"embeddable":true,"href":"https:\/\/koege.anvil.dk\/index.php?rest_route=%2Fwp%2Fv2%2Fcomments&post=207"}],"version-history":[{"count":0,"href":"https:\/\/koege.anvil.dk\/index.php?rest_route=\/wp\/v2\/pages\/207\/revisions"}],"wp:attachment":[{"href":"https:\/\/koege.anvil.dk\/index.php?rest_route=%2Fwp%2Fv2%2Fmedia&parent=207"}],"curies":[{"name":"wp","href":"https:\/\/api.w.org\/{rel}","templated":true}]}}